{"id":15,"date":"2011-02-01T14:12:49","date_gmt":"2011-02-01T14:12:49","guid":{"rendered":"https:\/\/clinicarg.pt\/wp\/?page_id=15"},"modified":"2024-05-22T09:44:43","modified_gmt":"2024-05-22T09:44:43","slug":"ondas-de-choque","status":"publish","type":"page","link":"https:\/\/clinicarg.pt\/?page_id=15","title":{"rendered":"Ondas de Choque"},"content":{"rendered":"<table style=\"width: 857px;\" border=\"0\" cellspacing=\"0\" cellpadding=\"0\">\n<tbody>\n<tr>\n<td width=\"240\" height=\"335\" align=\"left\" valign=\"top\"><img loading=\"lazy\" decoding=\"async\" src=\"https:\/\/clinicarg.pt\/wp\/wp-content\/themes\/Template_RG\/images\/ondaschoque.jpg\" alt=\"\" width=\"240\" height=\"335\" \/><\/td>\n<td width=\"15\" align=\"left\" valign=\"top\"><img loading=\"lazy\" decoding=\"async\" src=\"https:\/\/clinicarg.pt\/wp\/wp-content\/themes\/Template_RG\/images\/spacer.gif\" alt=\"\" width=\"15\" height=\"55\" \/><\/td>\n<td width=\"602\" align=\"left\" valign=\"top\">\n<table style=\"width: 602px;\" border=\"0\" cellspacing=\"0\" cellpadding=\"0\">\n<tbody>\n<tr>\n<td width=\"17\" align=\"left\" valign=\"top\" bgcolor=\"#cbce00\"><img loading=\"lazy\" decoding=\"async\" src=\"https:\/\/clinicarg.pt\/wp\/wp-content\/themes\/Template_RG\/images\/spacer.gif\" alt=\"\" width=\"14\" height=\"14\" \/><\/td>\n<td width=\"573\" align=\"left\" valign=\"top\" bgcolor=\"#cbce00\"><img loading=\"lazy\" decoding=\"async\" src=\"https:\/\/clinicarg.pt\/wp\/wp-content\/themes\/Template_RG\/images\/spacer.gif\" alt=\"\" width=\"573\" height=\"17\" \/><\/td>\n<td width=\"14\" align=\"left\" valign=\"top\" bgcolor=\"#cbce00\"><img loading=\"lazy\" decoding=\"async\" src=\"https:\/\/clinicarg.pt\/wp\/wp-content\/themes\/Template_RG\/images\/spacer.gif\" alt=\"\" width=\"14\" height=\"14\" \/><\/td>\n<\/tr>\n<tr>\n<td width=\"17\" align=\"left\" valign=\"top\" bgcolor=\"#cbce00\"><img loading=\"lazy\" decoding=\"async\" src=\"https:\/\/clinicarg.pt\/wp\/wp-content\/themes\/Template_RG\/images\/spacer.gif\" alt=\"\" width=\"14\" height=\"14\" \/><\/td>\n<td width=\"541\" align=\"left\" valign=\"top\" bgcolor=\"#cbce00\">\n<h1 style=\"text-align: left;\">&#8220;Atua por ondas mec\u00e2nicas de press\u00e3o ac\u00fastica, de curta dura\u00e7\u00e3o direcionadas para o local a tratar, sendo uma t\u00e9cnica n\u00e3o invasiva.&#8221;<\/h1>\n<\/td>\n<td width=\"44\" align=\"left\" valign=\"top\" bgcolor=\"#cbce00\"><img loading=\"lazy\" decoding=\"async\" src=\"https:\/\/clinicarg.pt\/wp\/wp-content\/themes\/Template_RG\/images\/spacer.gif\" alt=\"\" width=\"14\" height=\"14\" \/><\/td>\n<\/tr>\n<tr>\n<td width=\"14\" align=\"left\" valign=\"top\" bgcolor=\"#cbce00\"><img loading=\"lazy\" decoding=\"async\" src=\"https:\/\/clinicarg.pt\/wp\/wp-content\/themes\/Template_RG\/images\/spacer.gif\" alt=\"\" width=\"14\" height=\"17\" \/><\/td>\n<td width=\"573\" align=\"left\" valign=\"top\" bgcolor=\"#cbce00\"><img loading=\"lazy\" decoding=\"async\" src=\"https:\/\/clinicarg.pt\/wp\/wp-content\/themes\/Template_RG\/images\/spacer.gif\" alt=\"\" width=\"573\" height=\"17\" \/><\/td>\n<td width=\"44\" align=\"left\" valign=\"top\" bgcolor=\"#cbce00\"><img loading=\"lazy\" decoding=\"async\" src=\"https:\/\/clinicarg.pt\/wp\/wp-content\/themes\/Template_RG\/images\/spacer.gif\" alt=\"\" width=\"14\" height=\"17\" \/><\/td>\n<\/tr>\n<tr>\n<td align=\"left\" valign=\"top\"><img loading=\"lazy\" decoding=\"async\" src=\"https:\/\/clinicarg.pt\/wp\/wp-content\/themes\/Template_RG\/images\/spacer.gif\" alt=\"\" width=\"14\" height=\"19\" \/><\/td>\n<td align=\"left\" valign=\"top\"><img loading=\"lazy\" decoding=\"async\" src=\"https:\/\/clinicarg.pt\/wp\/wp-content\/themes\/Template_RG\/images\/spacer.gif\" alt=\"\" width=\"573\" height=\"19\" \/><\/td>\n<td align=\"left\" valign=\"top\"><img loading=\"lazy\" decoding=\"async\" src=\"https:\/\/clinicarg.pt\/wp\/wp-content\/themes\/Template_RG\/images\/spacer.gif\" alt=\"\" width=\"14\" height=\"19\" \/><\/td>\n<\/tr>\n<\/tbody>\n<\/table>\n<table style=\"width: 602px;\" border=\"0\" cellspacing=\"0\" cellpadding=\"0\">\n<tbody>\n<tr>\n<td align=\"left\" valign=\"top\">\n<h4><strong>\u00c9 uma t\u00e9cnica terap\u00eautica eficaz em determinados reumatismos abarticulares como tendinites com ou sem calcifica\u00e7\u00e3o, nomeadamente ao n\u00edvel do ombro, cotovelo, anca, joelho e tend\u00e3o de Aquiles, assim como nas fasce\u00edtes plantares.<\/strong><\/p>\n<p>Atua por ondas mec\u00e2nicas de press\u00e3o ac\u00fastica, de curta dura\u00e7\u00e3o direcionadas para o local a tratar, sendo uma t\u00e9cnica n\u00e3o invasiva. S\u00e3o geradas por um aparelho compressor e aplicadas por meio de um aplicador ou pistola<\/p>\n<\/h4>\n<h2>O que s\u00e3o?<\/h2>\n<h4>S\u00e3o ondas mec\u00e2nicas, ac\u00fasticas, de curta dura\u00e7\u00e3o, geradas por um aparelho atrav\u00e9s de t\u00e9cnicas especiais focalizadas num determinado ponto ou \u00e1rea que ser\u00e1 tratada. Inicialmente provoca um efeito analg\u00e9sico e posteriormente desintegra os processos inflamat\u00f3rios e calcifica\u00e7\u00f5es.<\/h4>\n<h2>Principais indica\u00e7\u00f5es?<\/h2>\n<ul>\n<li>Fascite Plantar com ou sem Espor\u00e3o de Calc\u00e2neo;<\/li>\n<li>Tendinite Calc\u00e1ria do Ombro;<\/li>\n<li>Epicondilites \u2013 Cotovelo de Tenista ou Cotovelo de Golfista;<\/li>\n<li>Pseudo-artroses;<\/li>\n<li>Bursite Trocant\u00e9rica no quadril;<\/li>\n<li>Tendinopatia do Aquiles;<\/li>\n<li>Tendinopatia Patelar;<\/li>\n<\/ul>\n<h4>Novo tratamento<br \/>\n Informe-se com o seu M\u00e9dico.<\/h4>\n<\/td>\n<\/tr>\n<\/tbody>\n<\/table>\n<\/td>\n<\/tr>\n<\/tbody>\n<\/table>\n","protected":false},"excerpt":{"rendered":"<p>&#8220;Atua por ondas mec\u00e2nicas de press\u00e3o ac\u00fastica, de curta dura\u00e7\u00e3o direcionadas para o local a tratar, sendo uma t\u00e9cnica n\u00e3o invasiva.&#8221; \u00c9 uma t\u00e9cnica terap\u00eautica eficaz em determinados reumatismos abarticulares como tendinites com ou sem calcifica\u00e7\u00e3o, nomeadamente ao n\u00edvel do ombro, cotovelo, anca, joelho e tend\u00e3o de Aquiles, assim como nas fasce\u00edtes plantares. Atua por [&hellip;]<\/p>\n","protected":false},"author":1,"featured_media":0,"parent":9,"menu_order":2,"comment_status":"closed","ping_status":"closed","template":"","meta":{"footnotes":""},"_links":{"self":[{"href":"https:\/\/clinicarg.pt\/index.php?rest_route=\/wp\/v2\/pages\/15"}],"collection":[{"href":"https:\/\/clinicarg.pt\/index.php?rest_route=\/wp\/v2\/pages"}],"about":[{"href":"https:\/\/clinicarg.pt\/index.php?rest_route=\/wp\/v2\/types\/page"}],"author":[{"embeddable":true,"href":"https:\/\/clinicarg.pt\/index.php?rest_route=\/wp\/v2\/users\/1"}],"replies":[{"embeddable":true,"href":"https:\/\/clinicarg.pt\/index.php?rest_route=%2Fwp%2Fv2%2Fcomments&post=15"}],"version-history":[{"count":14,"href":"https:\/\/clinicarg.pt\/index.php?rest_route=\/wp\/v2\/pages\/15\/revisions"}],"predecessor-version":[{"id":916,"href":"https:\/\/clinicarg.pt\/index.php?rest_route=\/wp\/v2\/pages\/15\/revisions\/916"}],"up":[{"embeddable":true,"href":"https:\/\/clinicarg.pt\/index.php?rest_route=\/wp\/v2\/pages\/9"}],"wp:attachment":[{"href":"https:\/\/clinicarg.pt\/index.php?rest_route=%2Fwp%2Fv2%2Fmedia&parent=15"}],"curies":[{"name":"wp","href":"https:\/\/api.w.org\/{rel}","templated":true}]}}