{"id":2,"date":"2011-02-01T12:39:00","date_gmt":"2011-02-01T12:39:00","guid":{"rendered":"https:\/\/clinicarg.pt\/wp\/?page_id=2"},"modified":"2024-05-22T09:30:13","modified_gmt":"2024-05-22T09:30:13","slug":"sobre","status":"publish","type":"page","link":"https:\/\/clinicarg.pt\/?page_id=2","title":{"rendered":"Cl\u00ednica"},"content":{"rendered":"<table style=\"width: 857px;\" border=\"0\" cellspacing=\"0\" cellpadding=\"0\">\n<tbody>\n<tr>\n<td width=\"240\" align=\"left\" valign=\"top\">\n<table style=\"width: 240px;\" border=\"0\" cellspacing=\"0\" cellpadding=\"0\">\n<tbody>\n<tr>\n<td width=\"17\" align=\"left\" valign=\"top\" bgcolor=\"#cbce00\"><img loading=\"lazy\" decoding=\"async\" src=\"https:\/\/clinicarg.pt\/wp\/wp-content\/themes\/Template_RG\/images\/spacer.gif\" alt=\"\" width=\"17\" height=\"17\" \/><\/td>\n<td width=\"206\" align=\"left\" valign=\"top\" bgcolor=\"#cbce00\"><img loading=\"lazy\" decoding=\"async\" src=\"https:\/\/clinicarg.pt\/wp\/wp-content\/themes\/Template_RG\/images\/spacer.gif\" alt=\"\" width=\"206\" height=\"17\" \/><\/td>\n<td width=\"17\" align=\"left\" valign=\"top\" bgcolor=\"#cbce00\"><img loading=\"lazy\" decoding=\"async\" src=\"https:\/\/clinicarg.pt\/wp\/wp-content\/themes\/Template_RG\/images\/spacer.gif\" alt=\"\" width=\"17\" height=\"17\" \/><\/td>\n<\/tr>\n<tr>\n<td width=\"17\" align=\"left\" valign=\"top\" bgcolor=\"#cbce00\"><\/td>\n<td width=\"206\" align=\"right\" valign=\"top\" bgcolor=\"#cbce00\">\n<h1>&#8220;Disp\u00f5e de uma equipa de profissionais qualificados, experientes e dedicados&#8230;&#8221;<\/h1>\n<\/td>\n<td width=\"17\" align=\"left\" valign=\"top\" bgcolor=\"#cbce00\"><img loading=\"lazy\" decoding=\"async\" src=\"https:\/\/clinicarg.pt\/wp\/wp-content\/themes\/Template_RG\/images\/spacer.gif\" alt=\"\" width=\"17\" height=\"17\" \/><\/td>\n<\/tr>\n<tr>\n<td width=\"17\" align=\"left\" valign=\"top\" bgcolor=\"#cbce00\"><img loading=\"lazy\" decoding=\"async\" src=\"https:\/\/clinicarg.pt\/wp\/wp-content\/themes\/Template_RG\/images\/spacer.gif\" alt=\"\" width=\"17\" height=\"125\" \/><\/td>\n<td width=\"206\" align=\"left\" valign=\"top\" bgcolor=\"#cbce00\"><img loading=\"lazy\" decoding=\"async\" src=\"https:\/\/clinicarg.pt\/wp\/wp-content\/themes\/Template_RG\/images\/spacer.gif\" alt=\"\" width=\"206\" height=\"125\" \/><\/td>\n<td width=\"17\" align=\"left\" valign=\"top\" bgcolor=\"#cbce00\"><img loading=\"lazy\" decoding=\"async\" src=\"https:\/\/clinicarg.pt\/wp\/wp-content\/themes\/Template_RG\/images\/spacer.gif\" alt=\"\" width=\"17\" height=\"125\" \/><\/td>\n<\/tr>\n<\/tbody>\n<\/table>\n<\/td>\n<td width=\"15\" align=\"left\" valign=\"top\"><img loading=\"lazy\" decoding=\"async\" src=\"https:\/\/clinicarg.pt\/wp\/wp-content\/themes\/Template_RG\/images\/spacer.gif\" alt=\"\" width=\"15\" height=\"55\" \/><\/td>\n<td width=\"602\" align=\"left\" valign=\"top\">\n<table style=\"width: 602px;\" border=\"0\" cellspacing=\"0\" cellpadding=\"0\">\n<tbody>\n<tr>\n<td height=\"210\" align=\"left\" valign=\"top\"><img loading=\"lazy\" decoding=\"async\" src=\"https:\/\/clinicarg.pt\/wp\/wp-content\/themes\/Template_RG\/images\/clinica.jpg\" alt=\"\" width=\"602\" height=\"210\" \/><\/td>\n<\/tr>\n<tr>\n<td align=\"left\" valign=\"top\"><img loading=\"lazy\" decoding=\"async\" src=\"https:\/\/clinicarg.pt\/wp\/wp-content\/themes\/Template_RG\/images\/spacer.gif\" alt=\"\" width=\"602\" height=\"17\" \/><\/td>\n<\/tr>\n<tr>\n<td align=\"left\" valign=\"top\">\n<h4><strong>A Cl\u00ednica Rosa &amp; Guerreiro, em funcionamento desde 1983, est\u00e1 vocacionada para a presta\u00e7\u00e3o de cuidados diferenciados de Medicina F\u00edsica e de Reabilita\u00e7\u00e3o, procurando na qualidade dos servi\u00e7os prestados, proporcionar a quem nos procura, uma preven\u00e7\u00e3o e ou recupera\u00e7\u00e3o eficaz e r\u00e1pida, com o objetivo de responder \u00e0s necessidades espec\u00edficas de cada utente, maximizando o seu potencial de recupera\u00e7\u00e3o e o restabelecimento de uma condi\u00e7\u00e3o normal de sa\u00fade tanto quanto poss\u00edvel.<\/strong><\/h4>\n<h4>Para isso disp\u00f5e de uma equipa de profissionais qualificados, experientes e dedicados, assim como de instala\u00e7\u00f5es e equipamentos modernos e adequados, visando a total satisfa\u00e7\u00e3o dos utentes que nos privilegiam com a sua escolha.<\/p>\n<p>Procuramos na qualidade dos nossos servi\u00e7os, proporcionar, uma preven\u00e7\u00e3o ou recupera\u00e7\u00e3o eficaz e r\u00e1pida na reabilita\u00e7\u00e3o:<\/p>\n<\/h4>\n<h4>\n<ul>\n<li>Musculoesquel\u00e9tica;<\/li>\n<li>Reumatol\u00f3gica;<\/li>\n<li>Ortotraumatol\u00f3gica;<\/li>\n<li>Desportiva;<\/li>\n<li>Neurol\u00f3gica;<\/li>\n<li>Pedi\u00e1trica;<\/li>\n<li>Cardiovascular;<\/li>\n<li>Geri\u00e1trica;<\/li>\n<li>Oncol\u00f3gica;<\/li>\n<\/ul>\n<h2>Equipa<\/h2>\n<h4>A Cl\u00ednica \u00e9 constitu\u00edda por:<\/p>\n<ul>\n<li>M\u00e9dicos Fisiatras;<\/li>\n<li>Fisioterapeutas;<\/li>\n<li>T\u00e9cnicas de Fisioterapia;<\/li>\n<li>Administrativos;<\/li>\n<\/ul>\n<\/h4>\n<\/td>\n<\/tr>\n<\/tbody>\n<\/table>\n<\/td>\n<\/tr>\n<\/tbody>\n<\/table>\n","protected":false},"excerpt":{"rendered":"<p>&#8220;Disp\u00f5e de uma equipa de profissionais qualificados, experientes e dedicados&#8230;&#8221; A Cl\u00ednica Rosa &amp; Guerreiro, em funcionamento desde 1983, est\u00e1 vocacionada para a presta\u00e7\u00e3o de cuidados diferenciados de Medicina F\u00edsica e de Reabilita\u00e7\u00e3o, procurando na qualidade dos servi\u00e7os prestados, proporcionar a quem nos procura, uma preven\u00e7\u00e3o e ou recupera\u00e7\u00e3o eficaz e r\u00e1pida, com o objetivo [&hellip;]<\/p>\n","protected":false},"author":1,"featured_media":0,"parent":0,"menu_order":0,"comment_status":"closed","ping_status":"closed","template":"","meta":{"footnotes":""},"_links":{"self":[{"href":"https:\/\/clinicarg.pt\/index.php?rest_route=\/wp\/v2\/pages\/2"}],"collection":[{"href":"https:\/\/clinicarg.pt\/index.php?rest_route=\/wp\/v2\/pages"}],"about":[{"href":"https:\/\/clinicarg.pt\/index.php?rest_route=\/wp\/v2\/types\/page"}],"author":[{"embeddable":true,"href":"https:\/\/clinicarg.pt\/index.php?rest_route=\/wp\/v2\/users\/1"}],"replies":[{"embeddable":true,"href":"https:\/\/clinicarg.pt\/index.php?rest_route=%2Fwp%2Fv2%2Fcomments&post=2"}],"version-history":[{"count":89,"href":"https:\/\/clinicarg.pt\/index.php?rest_route=\/wp\/v2\/pages\/2\/revisions"}],"predecessor-version":[{"id":906,"href":"https:\/\/clinicarg.pt\/index.php?rest_route=\/wp\/v2\/pages\/2\/revisions\/906"}],"wp:attachment":[{"href":"https:\/\/clinicarg.pt\/index.php?rest_route=%2Fwp%2Fv2%2Fmedia&parent=2"}],"curies":[{"name":"wp","href":"https:\/\/api.w.org\/{rel}","templated":true}]}}