{"id":21,"date":"2011-02-01T14:14:26","date_gmt":"2011-02-01T14:14:26","guid":{"rendered":"https:\/\/clinicarg.pt\/wp\/?page_id=21"},"modified":"2024-05-22T09:58:40","modified_gmt":"2024-05-22T09:58:40","slug":"pilates","status":"publish","type":"page","link":"https:\/\/clinicarg.pt\/?page_id=21","title":{"rendered":"Pilates"},"content":{"rendered":"<table style=\"width: 857px;\" border=\"0\" cellspacing=\"0\" cellpadding=\"0\">\n<tbody>\n<tr>\n<td width=\"240\" height=\"335\" align=\"left\" valign=\"top\"><img loading=\"lazy\" decoding=\"async\" src=\"https:\/\/clinicarg.pt\/wp\/wp-content\/themes\/Template_RG\/images\/pilates.jpg\" alt=\"\" width=\"240\" height=\"335\" \/><\/td>\n<td width=\"15\" align=\"left\" valign=\"top\"><img loading=\"lazy\" decoding=\"async\" src=\"https:\/\/clinicarg.pt\/wp\/wp-content\/themes\/Template_RG\/images\/spacer.gif\" alt=\"\" width=\"15\" height=\"55\" \/><\/td>\n<td width=\"602\" align=\"left\" valign=\"top\">\n<table style=\"width: 602px;\" border=\"0\" cellspacing=\"0\" cellpadding=\"0\">\n<tbody>\n<tr>\n<td width=\"17\" align=\"left\" valign=\"top\" bgcolor=\"#cbce00\"><img loading=\"lazy\" decoding=\"async\" src=\"https:\/\/clinicarg.pt\/wp\/wp-content\/themes\/Template_RG\/images\/spacer.gif\" alt=\"\" width=\"14\" height=\"14\" \/><\/td>\n<td width=\"573\" align=\"left\" valign=\"top\" bgcolor=\"#cbce00\"><img loading=\"lazy\" decoding=\"async\" src=\"https:\/\/clinicarg.pt\/wp\/wp-content\/themes\/Template_RG\/images\/spacer.gif\" alt=\"\" width=\"573\" height=\"17\" \/><\/td>\n<td width=\"14\" align=\"left\" valign=\"top\" bgcolor=\"#cbce00\"><img loading=\"lazy\" decoding=\"async\" src=\"https:\/\/clinicarg.pt\/wp\/wp-content\/themes\/Template_RG\/images\/spacer.gif\" alt=\"\" width=\"14\" height=\"14\" \/><\/td>\n<\/tr>\n<tr>\n<td width=\"17\" align=\"left\" valign=\"top\" bgcolor=\"#cbce00\"><img loading=\"lazy\" decoding=\"async\" src=\"https:\/\/clinicarg.pt\/wp\/wp-content\/themes\/Template_RG\/images\/spacer.gif\" alt=\"\" width=\"14\" height=\"14\" \/><\/td>\n<td width=\"541\" align=\"left\" valign=\"top\" bgcolor=\"#cbce00\">\n<h1 style=\"text-align: left;\">&#8220;Aumentar a flexibilidade, a coordena\u00e7\u00e3o e a for\u00e7a muscular, melhorar a respira\u00e7\u00e3o e corrigir a postura.&#8221;<\/h1>\n<\/td>\n<td width=\"44\" align=\"left\" valign=\"top\" bgcolor=\"#cbce00\"><img loading=\"lazy\" decoding=\"async\" src=\"https:\/\/clinicarg.pt\/wp\/wp-content\/themes\/Template_RG\/images\/spacer.gif\" alt=\"\" width=\"14\" height=\"14\" \/><\/td>\n<\/tr>\n<tr>\n<td width=\"14\" align=\"left\" valign=\"top\" bgcolor=\"#cbce00\"><img loading=\"lazy\" decoding=\"async\" src=\"https:\/\/clinicarg.pt\/wp\/wp-content\/themes\/Template_RG\/images\/spacer.gif\" alt=\"\" width=\"14\" height=\"17\" \/><\/td>\n<td width=\"573\" align=\"left\" valign=\"top\" bgcolor=\"#cbce00\"><img loading=\"lazy\" decoding=\"async\" src=\"https:\/\/clinicarg.pt\/wp\/wp-content\/themes\/Template_RG\/images\/spacer.gif\" alt=\"\" width=\"573\" height=\"17\" \/><\/td>\n<td width=\"44\" align=\"left\" valign=\"top\" bgcolor=\"#cbce00\"><img loading=\"lazy\" decoding=\"async\" src=\"https:\/\/clinicarg.pt\/wp\/wp-content\/themes\/Template_RG\/images\/spacer.gif\" alt=\"\" width=\"14\" height=\"17\" \/><\/td>\n<\/tr>\n<tr>\n<td align=\"left\" valign=\"top\"><img loading=\"lazy\" decoding=\"async\" src=\"https:\/\/clinicarg.pt\/wp\/wp-content\/themes\/Template_RG\/images\/spacer.gif\" alt=\"\" width=\"14\" height=\"19\" \/><\/td>\n<td align=\"left\" valign=\"top\"><img loading=\"lazy\" decoding=\"async\" src=\"https:\/\/clinicarg.pt\/wp\/wp-content\/themes\/Template_RG\/images\/spacer.gif\" alt=\"\" width=\"573\" height=\"19\" \/><\/td>\n<td align=\"left\" valign=\"top\"><img loading=\"lazy\" decoding=\"async\" src=\"https:\/\/clinicarg.pt\/wp\/wp-content\/themes\/Template_RG\/images\/spacer.gif\" alt=\"\" width=\"14\" height=\"19\" \/><\/td>\n<\/tr>\n<\/tbody>\n<\/table>\n<table style=\"width: 602px;\" border=\"0\" cellspacing=\"0\" cellpadding=\"0\">\n<tbody>\n<tr>\n<td align=\"left\" valign=\"top\">\n<h4><strong>Pilates \u00e9 uma atividade f\u00edsica que utiliza exerc\u00edcios de alongamento, alicer\u00e7ados na anatomia humana, capaz de restabelecer e aumentar a flexibilidade, a coordena\u00e7\u00e3o e a for\u00e7a muscular, melhorar a respira\u00e7\u00e3o e corrigir a postura.<\/strong><\/p>\n<p>S\u00e3o princ\u00edpios b\u00e1sicos, a respira\u00e7\u00e3o correta, concentra\u00e7\u00e3o, consci\u00eancia corporal, controle, alinhamento e interpreta\u00e7\u00e3o de movimentos.<\/h4>\n<\/td>\n<\/tr>\n<\/tbody>\n<\/table>\n<\/td>\n<\/tr>\n<\/tbody>\n<\/table>\n","protected":false},"excerpt":{"rendered":"<p>&#8220;Aumentar a flexibilidade, a coordena\u00e7\u00e3o e a for\u00e7a muscular, melhorar a respira\u00e7\u00e3o e corrigir a postura.&#8221; Pilates \u00e9 uma atividade f\u00edsica que utiliza exerc\u00edcios de alongamento, alicer\u00e7ados na anatomia humana, capaz de restabelecer e aumentar a flexibilidade, a coordena\u00e7\u00e3o e a for\u00e7a muscular, melhorar a respira\u00e7\u00e3o e corrigir a postura. S\u00e3o princ\u00edpios b\u00e1sicos, a respira\u00e7\u00e3o [&hellip;]<\/p>\n","protected":false},"author":1,"featured_media":0,"parent":19,"menu_order":2,"comment_status":"closed","ping_status":"closed","template":"","meta":{"footnotes":""},"_links":{"self":[{"href":"https:\/\/clinicarg.pt\/index.php?rest_route=\/wp\/v2\/pages\/21"}],"collection":[{"href":"https:\/\/clinicarg.pt\/index.php?rest_route=\/wp\/v2\/pages"}],"about":[{"href":"https:\/\/clinicarg.pt\/index.php?rest_route=\/wp\/v2\/types\/page"}],"author":[{"embeddable":true,"href":"https:\/\/clinicarg.pt\/index.php?rest_route=\/wp\/v2\/users\/1"}],"replies":[{"embeddable":true,"href":"https:\/\/clinicarg.pt\/index.php?rest_route=%2Fwp%2Fv2%2Fcomments&post=21"}],"version-history":[{"count":10,"href":"https:\/\/clinicarg.pt\/index.php?rest_route=\/wp\/v2\/pages\/21\/revisions"}],"predecessor-version":[{"id":929,"href":"https:\/\/clinicarg.pt\/index.php?rest_route=\/wp\/v2\/pages\/21\/revisions\/929"}],"up":[{"embeddable":true,"href":"https:\/\/clinicarg.pt\/index.php?rest_route=\/wp\/v2\/pages\/19"}],"wp:attachment":[{"href":"https:\/\/clinicarg.pt\/index.php?rest_route=%2Fwp%2Fv2%2Fmedia&parent=21"}],"curies":[{"name":"wp","href":"https:\/\/api.w.org\/{rel}","templated":true}]}}