{"id":25,"date":"2011-02-01T14:15:29","date_gmt":"2011-02-01T14:15:29","guid":{"rendered":"https:\/\/clinicarg.pt\/wp\/?page_id=25"},"modified":"2024-05-22T09:57:11","modified_gmt":"2024-05-22T09:57:11","slug":"osteoporose","status":"publish","type":"page","link":"https:\/\/clinicarg.pt\/?page_id=25","title":{"rendered":"Osteoporose e Preven\u00e7\u00e3o de Quedas"},"content":{"rendered":"<table style=\"width: 857px;\" border=\"0\" cellspacing=\"0\" cellpadding=\"0\">\n<tbody>\n<tr>\n<td width=\"240\" height=\"335\" align=\"left\" valign=\"top\"><img loading=\"lazy\" decoding=\"async\" src=\"https:\/\/clinicarg.pt\/wp\/wp-content\/themes\/Template_RG\/images\/osteoporose.jpg\" alt=\"\" width=\"240\" height=\"335\" \/><\/td>\n<td width=\"15\" align=\"left\" valign=\"top\"><img loading=\"lazy\" decoding=\"async\" src=\"https:\/\/clinicarg.pt\/wp\/wp-content\/themes\/Template_RG\/images\/spacer.gif\" alt=\"\" width=\"15\" height=\"55\" \/><\/td>\n<td width=\"602\" align=\"left\" valign=\"top\">\n<table style=\"width: 602px;\" border=\"0\" cellspacing=\"0\" cellpadding=\"0\">\n<tbody>\n<tr>\n<td width=\"17\" align=\"left\" valign=\"top\" bgcolor=\"#cbce00\"><img loading=\"lazy\" decoding=\"async\" src=\"https:\/\/clinicarg.pt\/wp\/wp-content\/themes\/Template_RG\/images\/spacer.gif\" alt=\"\" width=\"14\" height=\"14\" \/><\/td>\n<td width=\"573\" align=\"left\" valign=\"top\" bgcolor=\"#cbce00\"><img loading=\"lazy\" decoding=\"async\" src=\"https:\/\/clinicarg.pt\/wp\/wp-content\/themes\/Template_RG\/images\/spacer.gif\" alt=\"\" width=\"573\" height=\"17\" \/><\/td>\n<td width=\"14\" align=\"left\" valign=\"top\" bgcolor=\"#cbce00\"><img loading=\"lazy\" decoding=\"async\" src=\"https:\/\/clinicarg.pt\/wp\/wp-content\/themes\/Template_RG\/images\/spacer.gif\" alt=\"\" width=\"14\" height=\"14\" \/><\/td>\n<\/tr>\n<tr>\n<td width=\"17\" align=\"left\" valign=\"top\" bgcolor=\"#cbce00\"><img loading=\"lazy\" decoding=\"async\" src=\"https:\/\/clinicarg.pt\/wp\/wp-content\/themes\/Template_RG\/images\/spacer.gif\" alt=\"\" width=\"14\" height=\"14\" \/><\/td>\n<td width=\"541\" align=\"left\" valign=\"top\" bgcolor=\"#cbce00\">\n<h1 style=\"text-align: left;\">&#8220;Representa atualmente um importante problema de sa\u00fade p\u00fablica nas sociedades desenvolvidas.&#8221;<\/h1>\n<\/td>\n<td width=\"44\" align=\"left\" valign=\"top\" bgcolor=\"#cbce00\"><img loading=\"lazy\" decoding=\"async\" src=\"https:\/\/clinicarg.pt\/wp\/wp-content\/themes\/Template_RG\/images\/spacer.gif\" alt=\"\" width=\"14\" height=\"14\" \/><\/td>\n<\/tr>\n<tr>\n<td width=\"14\" align=\"left\" valign=\"top\" bgcolor=\"#cbce00\"><img loading=\"lazy\" decoding=\"async\" src=\"https:\/\/clinicarg.pt\/wp\/wp-content\/themes\/Template_RG\/images\/spacer.gif\" alt=\"\" width=\"14\" height=\"17\" \/><\/td>\n<td width=\"573\" align=\"left\" valign=\"top\" bgcolor=\"#cbce00\"><img loading=\"lazy\" decoding=\"async\" src=\"https:\/\/clinicarg.pt\/wp\/wp-content\/themes\/Template_RG\/images\/spacer.gif\" alt=\"\" width=\"573\" height=\"17\" \/><\/td>\n<td width=\"44\" align=\"left\" valign=\"top\" bgcolor=\"#cbce00\"><img loading=\"lazy\" decoding=\"async\" src=\"https:\/\/clinicarg.pt\/wp\/wp-content\/themes\/Template_RG\/images\/spacer.gif\" alt=\"\" width=\"14\" height=\"17\" \/><\/td>\n<\/tr>\n<tr>\n<td align=\"left\" valign=\"top\"><img loading=\"lazy\" decoding=\"async\" src=\"https:\/\/clinicarg.pt\/wp\/wp-content\/themes\/Template_RG\/images\/spacer.gif\" alt=\"\" width=\"14\" height=\"19\" \/><\/td>\n<td align=\"left\" valign=\"top\"><img loading=\"lazy\" decoding=\"async\" src=\"https:\/\/clinicarg.pt\/wp\/wp-content\/themes\/Template_RG\/images\/spacer.gif\" alt=\"\" width=\"573\" height=\"19\" \/><\/td>\n<td align=\"left\" valign=\"top\"><img loading=\"lazy\" decoding=\"async\" src=\"https:\/\/clinicarg.pt\/wp\/wp-content\/themes\/Template_RG\/images\/spacer.gif\" alt=\"\" width=\"14\" height=\"19\" \/><\/td>\n<\/tr>\n<\/tbody>\n<\/table>\n<table style=\"width: 602px;\" border=\"0\" cellspacing=\"0\" cellpadding=\"0\">\n<tbody>\n<tr>\n<td align=\"left\" valign=\"top\">\n<h4><strong>A osteoporose \u00e9 uma doen\u00e7a caracterizada por diminui\u00e7\u00e3o da massa \u00f3ssea e deteriora\u00e7\u00e3o da microarquitectura do tecido \u00f3sseo, que levam ao aparecimento de um aumento da fragilidade \u00f3ssea e, consequentemente, do risco fratur\u00e1rio.<\/strong><\/p>\n<p>Representa atualmente um importante problema de sa\u00fade p\u00fablica nas sociedades desenvolvidas, devido ao aumento r\u00e1pido e continuado da esperan\u00e7a de vida e consequente envelhecimento da popula\u00e7\u00e3o.<\/p>\n<p>A osteoporose tem sido considerada uma doen\u00e7a silenciosa, uma vez que as queixas que os doentes apresentam, s\u00e3o na maioria dos casos resultado de complica\u00e7\u00f5es da doen\u00e7a, particularmente fraturas osteopor\u00f3ticas. A fratura, como resultado da diminui\u00e7\u00e3o da resist\u00eancia do osso, \u00e9 a express\u00e3o cl\u00ednica mais frequente e dram\u00e1tica.<\/h4>\n<h2>As queixas mais frequentemente referidas s\u00e3o:<\/h2>\n<ul>\n<li>Dores \u00f3sseas difusas;<\/li>\n<li>Raquialgias, que se instalam durante gestos bruscos, relacionadas com fraturas dos corpos vertebrais. Por vezes ap\u00f3s a dor aguda, surge uma dor difusa, limitando alguns gestos e que se prolonga durante meses, relacionada com altera\u00e7\u00f5es biomec\u00e2nicas e espasmo muscular;<\/li>\n<li>Fraturas, que ocorrem ap\u00f3s traumatismos m\u00ednimos, dos corpos vertebrais, de costelas, da extremidade distal do r\u00e1dio e da extremidade proximal do f\u00e9mur;<\/li>\n<li>Hipercifose dorsal, como resultado da diminui\u00e7\u00e3o de altura anterior dos corpos vertebrais;<\/li>\n<li>Diminui\u00e7\u00e3o da estatura por achatamento dos corpos vertebrais;<\/li>\n<li>Depress\u00e3o e medo relacionados com a incapacidade funcional e o receio de quedas;<\/li>\n<\/ul>\n<h2>\n<p>  Assim sendo, estes exerc\u00edcios terap\u00eauticos pretendem estimular a atividade f\u00edsica e a consciencializa\u00e7\u00e3o da necessidade de mobiliza\u00e7\u00e3o global, tendo por objetivos fundamentais:<\/h2>\n<ul>\n<li>Melhoria da coordena\u00e7\u00e3o e mobilidade;<\/li>\n<li>Corre\u00e7\u00e3o postural;<\/li>\n<li>Regras de higiene articular e cuidados nas atividades di\u00e1rias;<\/li>\n<li>Melhoria da capacidade pulmonar;<\/li>\n<li>Melhoria do equil\u00edbrio e da marcha \/ Preven\u00e7\u00e3o de quedas;\n<li>Fortalecimento muscular espec\u00edfico;<\/li>\n<\/ul>\n<\/td>\n<\/tr>\n<\/tbody>\n<\/table>\n<\/td>\n<\/tr>\n<\/tbody>\n<\/table>\n","protected":false},"excerpt":{"rendered":"<p>&#8220;Representa atualmente um importante problema de sa\u00fade p\u00fablica nas sociedades desenvolvidas.&#8221; A osteoporose \u00e9 uma doen\u00e7a caracterizada por diminui\u00e7\u00e3o da massa \u00f3ssea e deteriora\u00e7\u00e3o da microarquitectura do tecido \u00f3sseo, que levam ao aparecimento de um aumento da fragilidade \u00f3ssea e, consequentemente, do risco fratur\u00e1rio. Representa atualmente um importante problema de sa\u00fade p\u00fablica nas sociedades desenvolvidas, [&hellip;]<\/p>\n","protected":false},"author":1,"featured_media":0,"parent":19,"menu_order":0,"comment_status":"closed","ping_status":"closed","template":"","meta":{"footnotes":""},"_links":{"self":[{"href":"https:\/\/clinicarg.pt\/index.php?rest_route=\/wp\/v2\/pages\/25"}],"collection":[{"href":"https:\/\/clinicarg.pt\/index.php?rest_route=\/wp\/v2\/pages"}],"about":[{"href":"https:\/\/clinicarg.pt\/index.php?rest_route=\/wp\/v2\/types\/page"}],"author":[{"embeddable":true,"href":"https:\/\/clinicarg.pt\/index.php?rest_route=\/wp\/v2\/users\/1"}],"replies":[{"embeddable":true,"href":"https:\/\/clinicarg.pt\/index.php?rest_route=%2Fwp%2Fv2%2Fcomments&post=25"}],"version-history":[{"count":16,"href":"https:\/\/clinicarg.pt\/index.php?rest_route=\/wp\/v2\/pages\/25\/revisions"}],"predecessor-version":[{"id":927,"href":"https:\/\/clinicarg.pt\/index.php?rest_route=\/wp\/v2\/pages\/25\/revisions\/927"}],"up":[{"embeddable":true,"href":"https:\/\/clinicarg.pt\/index.php?rest_route=\/wp\/v2\/pages\/19"}],"wp:attachment":[{"href":"https:\/\/clinicarg.pt\/index.php?rest_route=%2Fwp%2Fv2%2Fmedia&parent=25"}],"curies":[{"name":"wp","href":"https:\/\/api.w.org\/{rel}","templated":true}]}}