{"id":34,"date":"2011-02-01T14:17:31","date_gmt":"2011-02-01T14:17:31","guid":{"rendered":"https:\/\/clinicarg.pt\/wp\/?page_id=34"},"modified":"2024-04-10T08:20:22","modified_gmt":"2024-04-10T08:20:22","slug":"contactos","status":"publish","type":"page","link":"https:\/\/clinicarg.pt\/?page_id=34","title":{"rendered":"Contactos"},"content":{"rendered":"<table style=\"width: 857px;\" border=\"0\" cellspacing=\"0\" cellpadding=\"0\">\n<tbody>\n<tr>\n<td align=\"left\" valign=\"top\" width=\"240\">\n<table style=\"width: 240px;\" border=\"0\" cellspacing=\"0\" cellpadding=\"0\">\n<tbody>\n<tr>\n<td align=\"left\" valign=\"top\" bgcolor=\"#cbce00\" width=\"17\"><img loading=\"lazy\" decoding=\"async\" src=\"https:\/\/clinicarg.pt\/wp\/wp-content\/themes\/Template_RG\/images\/spacer.gif\" alt=\"\" width=\"17\" height=\"17\" \/><\/td>\n<td align=\"left\" valign=\"top\" bgcolor=\"#cbce00\" width=\"206\"><img loading=\"lazy\" decoding=\"async\" src=\"https:\/\/clinicarg.pt\/wp\/wp-content\/themes\/Template_RG\/images\/spacer.gif\" alt=\"\" width=\"206\" height=\"17\" \/><\/td>\n<td align=\"left\" valign=\"top\" bgcolor=\"#cbce00\" width=\"17\"><img loading=\"lazy\" decoding=\"async\" src=\"https:\/\/clinicarg.pt\/wp\/wp-content\/themes\/Template_RG\/images\/spacer.gif\" alt=\"\" width=\"17\" height=\"17\" \/><\/td>\n<\/tr>\n<tr>\n<td align=\"left\" valign=\"top\" bgcolor=\"#cbce00\" width=\"17\"><\/td>\n<td align=\"right\" valign=\"top\" bgcolor=\"#cbce00\" width=\"206\">\n<h1>&#8220;Hor\u00e1rio de Consultas e Tratamentos:<br \/>\ndas 8.00 \u00e0s 20.00 de Segunda a Sexta-feira&#8221;<\/h1>\n<\/td>\n<td align=\"left\" valign=\"top\" bgcolor=\"#cbce00\" width=\"17\"><img loading=\"lazy\" decoding=\"async\" src=\"https:\/\/clinicarg.pt\/wp\/wp-content\/themes\/Template_RG\/images\/spacer.gif\" alt=\"\" width=\"17\" height=\"17\" \/><\/td>\n<\/tr>\n<tr>\n<td align=\"left\" valign=\"top\" bgcolor=\"#cbce00\" width=\"17\"><img loading=\"lazy\" decoding=\"async\" src=\"https:\/\/clinicarg.pt\/wp\/wp-content\/themes\/Template_RG\/images\/spacer.gif\" alt=\"\" width=\"17\" height=\"125\" \/><\/td>\n<td align=\"left\" valign=\"top\" bgcolor=\"#cbce00\" width=\"206\"><img loading=\"lazy\" decoding=\"async\" src=\"https:\/\/clinicarg.pt\/wp\/wp-content\/themes\/Template_RG\/images\/spacer.gif\" alt=\"\" width=\"206\" height=\"125\" \/><\/td>\n<td align=\"left\" valign=\"top\" bgcolor=\"#cbce00\" width=\"17\"><img loading=\"lazy\" decoding=\"async\" src=\"https:\/\/clinicarg.pt\/wp\/wp-content\/themes\/Template_RG\/images\/spacer.gif\" alt=\"\" width=\"17\" height=\"125\" \/><\/td>\n<\/tr>\n<\/tbody>\n<\/table>\n<\/td>\n<td align=\"left\" valign=\"top\" width=\"15\"><img loading=\"lazy\" decoding=\"async\" src=\"https:\/\/clinicarg.pt\/wp\/wp-content\/themes\/Template_RG\/images\/spacer.gif\" alt=\"\" width=\"15\" height=\"55\" \/><\/td>\n<td align=\"left\" valign=\"top\" width=\"602\">\n<table border=\"0\" width=\"602\" cellspacing=\"0\" cellpadding=\"0\">\n<tbody>\n<tr>\n<td><iframe src=\"https:\/\/www.google.com\/maps\/embed?pb=!1m18!1m12!1m3!1d3111.836257396519!2d-9.143196125597216!3d38.744519555712635!2m3!1f0!2f0!3f0!3m2!1i1024!2i768!4f13.1!3m3!1m2!1s0xd1933a8a902479b%3A0xd55b766e4eb365b2!2sClinica%20Dr%C2%AA%20Rosa%20%26%20Guerreiro%2C%20Lda.!5e0!3m2!1spt-PT!2spt!4v1712737133304!5m2!1spt-PT!2spt\" width=\"600\" height=\"450\" style=\"border:0;\" allowfullscreen=\"\" loading=\"lazy\" referrerpolicy=\"no-referrer-when-downgrade\"><\/iframe><\/td>\n<\/tr>\n<\/tbody>\n<\/table>\n<table style=\"width: 602px;\" border=\"0\" cellspacing=\"0\" cellpadding=\"0\">\n<tbody>\n<tr>\n<td align=\"left\" valign=\"top\"><img loading=\"lazy\" decoding=\"async\" src=\"https:\/\/clinicarg.pt\/wp\/wp-content\/themes\/Template_RG\/images\/spacer.gif\" alt=\"\" width=\"602\" height=\"17\" \/><\/td>\n<\/tr>\n<\/tbody>\n<\/table>\n<table style=\"width: 602px;\" border=\"0\" cellspacing=\"0\" cellpadding=\"0\">\n<tbody>\n<tr>\n<td align=\"left\" valign=\"top\" width=\"244\">\n<ul>\n<li><strong>Cl\u00ednica Rosa &amp; Guerreiro<\/strong><\/li>\n<li><strong>Sede:<\/strong><strong> Av. Sacadura Cabral 11, A<\/strong><\/li>\n<li><strong>T<\/strong><strong> 217 910 571 \/ 217 938 454 <\/strong><\/li>\n<li><strong>F<\/strong><strong> 217 910 734<\/strong><\/li>\n<li><strong>Email: <\/strong><a href=\"mailto:geral@clinicarg.pt\" target=\"_blank\" rel=\"noopener\">geral@clinicarg.pt<\/a><\/li>\n<\/ul>\n<\/td>\n<td width=\"38\"><\/td>\n<td align=\"left\" valign=\"top\" width=\"320\"><span class=\"h22\">Hor\u00e1rio de Funcionamento<\/span><\/p>\n<p>&nbsp;<\/p>\n<ul>\n<li><strong>das 8.00 \u00e0s 20.00 de Segunda a Sexta-feira<\/strong><\/li>\n<\/ul>\n<p>&nbsp;<\/td>\n<\/tr>\n<\/tbody>\n<\/table>\n<\/td>\n<\/tr>\n<\/tbody>\n<\/table>\n<p>&nbsp;<\/p>\n<p>&nbsp;<\/p>\n","protected":false},"excerpt":{"rendered":"<p>&#8220;Hor\u00e1rio de Consultas e Tratamentos: das 8.00 \u00e0s 20.00 de Segunda a Sexta-feira&#8221; Cl\u00ednica Rosa &amp; Guerreiro Sede: Av. Sacadura Cabral 11, A T 217 910 571 \/ 217 938 454 F 217 910 734 Email: geral@clinicarg.pt Hor\u00e1rio de Funcionamento &nbsp; das 8.00 \u00e0s 20.00 de Segunda a Sexta-feira &nbsp; &nbsp; &nbsp;<\/p>\n","protected":false},"author":1,"featured_media":0,"parent":0,"menu_order":6,"comment_status":"closed","ping_status":"closed","template":"","meta":{"footnotes":""},"_links":{"self":[{"href":"https:\/\/clinicarg.pt\/index.php?rest_route=\/wp\/v2\/pages\/34"}],"collection":[{"href":"https:\/\/clinicarg.pt\/index.php?rest_route=\/wp\/v2\/pages"}],"about":[{"href":"https:\/\/clinicarg.pt\/index.php?rest_route=\/wp\/v2\/types\/page"}],"author":[{"embeddable":true,"href":"https:\/\/clinicarg.pt\/index.php?rest_route=\/wp\/v2\/users\/1"}],"replies":[{"embeddable":true,"href":"https:\/\/clinicarg.pt\/index.php?rest_route=%2Fwp%2Fv2%2Fcomments&post=34"}],"version-history":[{"count":91,"href":"https:\/\/clinicarg.pt\/index.php?rest_route=\/wp\/v2\/pages\/34\/revisions"}],"predecessor-version":[{"id":857,"href":"https:\/\/clinicarg.pt\/index.php?rest_route=\/wp\/v2\/pages\/34\/revisions\/857"}],"wp:attachment":[{"href":"https:\/\/clinicarg.pt\/index.php?rest_route=%2Fwp%2Fv2%2Fmedia&parent=34"}],"curies":[{"name":"wp","href":"https:\/\/api.w.org\/{rel}","templated":true}]}}