{"id":5,"date":"2011-02-01T13:20:02","date_gmt":"2011-02-01T13:20:02","guid":{"rendered":"https:\/\/clinicarg.pt\/wp\/?page_id=5"},"modified":"2024-05-22T09:32:59","modified_gmt":"2024-05-22T09:32:59","slug":"consulta","status":"publish","type":"page","link":"https:\/\/clinicarg.pt\/?page_id=5","title":{"rendered":"Consulta"},"content":{"rendered":"<table style=\"width: 857px;\" border=\"0\" cellspacing=\"0\" cellpadding=\"0\">\n<tbody>\n<tr>\n<td align=\"left\" valign=\"top\" width=\"240\">\n<table style=\"width: 240px;\" border=\"0\" cellspacing=\"0\" cellpadding=\"0\">\n<tbody>\n<tr>\n<td align=\"left\" valign=\"top\" bgcolor=\"#cbce00\" width=\"17\"><img loading=\"lazy\" decoding=\"async\" src=\"https:\/\/clinicarg.pt\/wp\/wp-content\/themes\/Template_RG\/images\/spacer.gif\" alt=\"\" width=\"17\" height=\"17\" \/><\/td>\n<td align=\"left\" valign=\"top\" bgcolor=\"#cbce00\" width=\"206\"><img loading=\"lazy\" decoding=\"async\" src=\"https:\/\/clinicarg.pt\/wp\/wp-content\/themes\/Template_RG\/images\/spacer.gif\" alt=\"\" width=\"206\" height=\"17\" \/><\/td>\n<td align=\"left\" valign=\"top\" bgcolor=\"#cbce00\" width=\"17\"><img loading=\"lazy\" decoding=\"async\" src=\"https:\/\/clinicarg.pt\/wp\/wp-content\/themes\/Template_RG\/images\/spacer.gif\" alt=\"\" width=\"17\" height=\"17\" \/><\/td>\n<\/tr>\n<tr>\n<td align=\"left\" valign=\"top\" bgcolor=\"#cbce00\" width=\"17\"><\/td>\n<td align=\"right\" valign=\"top\" bgcolor=\"#cbce00\" width=\"206\">\n<h1>&#8220;A consulta<br \/>\nde especialidade<br \/>\npermite prescrever<br \/>\no tratamento<br \/>\nde acordo com<br \/>\na especificidade<br \/>\nde cada utente&#8221;<\/h1>\n<\/td>\n<td align=\"left\" valign=\"top\" bgcolor=\"#cbce00\" width=\"17\"><img loading=\"lazy\" decoding=\"async\" src=\"https:\/\/clinicarg.pt\/wp\/wp-content\/themes\/Template_RG\/images\/spacer.gif\" alt=\"\" width=\"17\" height=\"17\" \/><\/td>\n<\/tr>\n<tr>\n<td align=\"left\" valign=\"top\" bgcolor=\"#cbce00\" width=\"17\"><img loading=\"lazy\" decoding=\"async\" src=\"https:\/\/clinicarg.pt\/wp\/wp-content\/themes\/Template_RG\/images\/spacer.gif\" alt=\"\" width=\"17\" height=\"125\" \/><\/td>\n<td align=\"left\" valign=\"top\" bgcolor=\"#cbce00\" width=\"206\"><img loading=\"lazy\" decoding=\"async\" src=\"https:\/\/clinicarg.pt\/wp\/wp-content\/themes\/Template_RG\/images\/spacer.gif\" alt=\"\" width=\"206\" height=\"125\" \/><\/td>\n<td align=\"left\" valign=\"top\" bgcolor=\"#cbce00\" width=\"17\"><img loading=\"lazy\" decoding=\"async\" src=\"https:\/\/clinicarg.pt\/wp\/wp-content\/themes\/Template_RG\/images\/spacer.gif\" alt=\"\" width=\"17\" height=\"125\" \/><\/td>\n<\/tr>\n<\/tbody>\n<\/table>\n<\/td>\n<td align=\"left\" valign=\"top\" width=\"15\"><img loading=\"lazy\" decoding=\"async\" src=\"https:\/\/clinicarg.pt\/wp\/wp-content\/themes\/Template_RG\/images\/spacer.gif\" alt=\"\" width=\"15\" height=\"55\" \/><\/td>\n<td align=\"left\" valign=\"top\" width=\"602\">\n<table style=\"width: 602px;\" border=\"0\" cellspacing=\"0\" cellpadding=\"0\">\n<tbody>\n<tr>\n<td align=\"left\" valign=\"top\" height=\"210\"><a href=\"https:\/\/clinicarg.pt\/wp\/wp-content\/uploads\/2011\/02\/consulta.jpg\"><img loading=\"lazy\" decoding=\"async\" class=\"alignleft size-full wp-image-707\" src=\"https:\/\/clinicarg.pt\/wp\/wp-content\/uploads\/2011\/02\/consulta.jpg\" alt=\"consulta\" width=\"602\" height=\"210\" srcset=\"https:\/\/clinicarg.pt\/wp-content\/uploads\/2011\/02\/consulta.jpg 602w, https:\/\/clinicarg.pt\/wp-content\/uploads\/2011\/02\/consulta-300x105.jpg 300w\" sizes=\"(max-width: 602px) 100vw, 602px\" \/><\/a><\/td>\n<\/tr>\n<tr>\n<td align=\"left\" valign=\"top\" height=\"17\"><img loading=\"lazy\" decoding=\"async\" src=\"https:\/\/clinicarg.pt\/wp\/wp-content\/themes\/Template_RG\/images\/spacer.gif\" alt=\"\" width=\"602\" height=\"17\" \/><\/td>\n<\/tr>\n<tr>\n<td align=\"left\" valign=\"top\">\n<h4><strong>Antes de iniciar qualquer tratamento, \u00e9 realizada uma consulta de especialidade, efetuada por um M\u00e9dico Fisiatra (especialista em Medicina F\u00edsica e de Reabilita\u00e7\u00e3o), que permite prescrever o tratamento de acordo com a especificidade de cada utente.<\/strong><\/h4>\n<p>A estrat\u00e9gia terap\u00eautica deve ter sempre em conta a etiopatogenia das les\u00f5es, bem como a especificidade individual, da\u00ed derivando a decis\u00e3o da escolha t\u00e9cnica a efetuar.<\/p>\n<p>\u00c9 ao M\u00e9dico Fisiatra que compete a coordena\u00e7\u00e3o do programa de tratamento inicial e subsequente. No seguimento da consulta \u00e9 atribu\u00eddo um documento onde consta o hor\u00e1rio de tratamento e o t\u00e9cnico respons\u00e1vel pela sua execu\u00e7\u00e3o.<\/p>\n<ul>\n<li><a href=\"https:\/\/clinicarg.pt\/wp\/?page_id=30\">Marca\u00e7\u00f5es<\/a><\/li>\n<\/ul>\n<\/td>\n<\/tr>\n<\/tbody>\n<\/table>\n<\/td>\n<\/tr>\n<\/tbody>\n<\/table>\n","protected":false},"excerpt":{"rendered":"<p>&#8220;A consulta de especialidade permite prescrever o tratamento de acordo com a especificidade de cada utente&#8221; Antes de iniciar qualquer tratamento, \u00e9 realizada uma consulta de especialidade, efetuada por um M\u00e9dico Fisiatra (especialista em Medicina F\u00edsica e de Reabilita\u00e7\u00e3o), que permite prescrever o tratamento de acordo com a especificidade de cada utente. A estrat\u00e9gia terap\u00eautica [&hellip;]<\/p>\n","protected":false},"author":1,"featured_media":0,"parent":0,"menu_order":1,"comment_status":"closed","ping_status":"closed","template":"","meta":{"footnotes":""},"_links":{"self":[{"href":"https:\/\/clinicarg.pt\/index.php?rest_route=\/wp\/v2\/pages\/5"}],"collection":[{"href":"https:\/\/clinicarg.pt\/index.php?rest_route=\/wp\/v2\/pages"}],"about":[{"href":"https:\/\/clinicarg.pt\/index.php?rest_route=\/wp\/v2\/types\/page"}],"author":[{"embeddable":true,"href":"https:\/\/clinicarg.pt\/index.php?rest_route=\/wp\/v2\/users\/1"}],"replies":[{"embeddable":true,"href":"https:\/\/clinicarg.pt\/index.php?rest_route=%2Fwp%2Fv2%2Fcomments&post=5"}],"version-history":[{"count":31,"href":"https:\/\/clinicarg.pt\/index.php?rest_route=\/wp\/v2\/pages\/5\/revisions"}],"predecessor-version":[{"id":907,"href":"https:\/\/clinicarg.pt\/index.php?rest_route=\/wp\/v2\/pages\/5\/revisions\/907"}],"wp:attachment":[{"href":"https:\/\/clinicarg.pt\/index.php?rest_route=%2Fwp%2Fv2%2Fmedia&parent=5"}],"curies":[{"name":"wp","href":"https:\/\/api.w.org\/{rel}","templated":true}]}}