{"id":805,"date":"2024-04-08T21:33:54","date_gmt":"2024-04-08T21:33:54","guid":{"rendered":"https:\/\/clinicarg.pt\/wp\/?page_id=805"},"modified":"2024-05-22T10:46:23","modified_gmt":"2024-05-22T10:46:23","slug":"rpg-reeducacao-postural-global","status":"publish","type":"page","link":"https:\/\/clinicarg.pt\/?page_id=805","title":{"rendered":"Reeduca\u00e7\u00e3o Postural Global"},"content":{"rendered":"<table style=\"width: 857px;\" border=\"0\" cellspacing=\"0\" cellpadding=\"0\">\n<tbody>\n<tr>\n<td align=\"left\" valign=\"top\" width=\"240\" height=\"335\"><img loading=\"lazy\" decoding=\"async\" src=\"https:\/\/clinicarg.pt\/wp\/wp-content\/uploads\/2024\/04\/rpg.png\" alt=\"\" width=\"240\" height=\"335\" \/><\/td>\n<td align=\"left\" valign=\"top\" width=\"15\"><img loading=\"lazy\" decoding=\"async\" src=\"https:\/\/clinicarg.pt\/wp\/wp-content\/themes\/Template_RG\/images\/spacer.gif\" alt=\"\" width=\"15\" height=\"55\" \/><\/td>\n<td align=\"left\" valign=\"top\" width=\"602\">\n<table style=\"width: 602px;\" border=\"0\" cellspacing=\"0\" cellpadding=\"0\">\n<tbody>\n<tr>\n<td align=\"left\" valign=\"top\" bgcolor=\"#cbce00\" width=\"17\"><img loading=\"lazy\" decoding=\"async\" src=\"https:\/\/clinicarg.pt\/wp\/wp-content\/themes\/Template_RG\/images\/spacer.gif\" alt=\"\" width=\"14\" height=\"14\" \/><\/td>\n<td align=\"left\" valign=\"top\" bgcolor=\"#cbce00\" width=\"573\"><img loading=\"lazy\" decoding=\"async\" src=\"https:\/\/clinicarg.pt\/wp\/wp-content\/themes\/Template_RG\/images\/spacer.gif\" alt=\"\" width=\"573\" height=\"17\" \/><\/td>\n<td align=\"left\" valign=\"top\" bgcolor=\"#cbce00\" width=\"14\"><img loading=\"lazy\" decoding=\"async\" src=\"https:\/\/clinicarg.pt\/wp\/wp-content\/themes\/Template_RG\/images\/spacer.gif\" alt=\"\" width=\"14\" height=\"14\" \/><\/td>\n<\/tr>\n<tr>\n<td align=\"left\" valign=\"top\" bgcolor=\"#cbce00\" width=\"17\"><img loading=\"lazy\" decoding=\"async\" src=\"https:\/\/clinicarg.pt\/wp\/wp-content\/themes\/Template_RG\/images\/spacer.gif\" alt=\"\" width=\"14\" height=\"14\" \/><\/td>\n<td align=\"left\" valign=\"top\" bgcolor=\"#cbce00\" width=\"541\">\n<h1 style=\"text-align: left;\">&#8220;Permite proporcionar ao utente uma maior coordena\u00e7\u00e3o da respira\u00e7\u00e3o, aumento da flexibilidade de todo o aparelho musculo-esquel\u00e9tico, melhoria na postura e diminui\u00e7\u00e3o da dor.&#8221;<\/h1>\n<\/td>\n<td align=\"left\" valign=\"top\" bgcolor=\"#cbce00\" width=\"44\"><img loading=\"lazy\" decoding=\"async\" src=\"https:\/\/clinicarg.pt\/wp\/wp-content\/themes\/Template_RG\/images\/spacer.gif\" alt=\"\" width=\"14\" height=\"14\" \/><\/td>\n<\/tr>\n<tr>\n<td align=\"left\" valign=\"top\" bgcolor=\"#cbce00\" width=\"14\"><img loading=\"lazy\" decoding=\"async\" src=\"https:\/\/clinicarg.pt\/wp\/wp-content\/themes\/Template_RG\/images\/spacer.gif\" alt=\"\" width=\"14\" height=\"17\" \/><\/td>\n<td align=\"left\" valign=\"top\" bgcolor=\"#cbce00\" width=\"573\"><img loading=\"lazy\" decoding=\"async\" src=\"https:\/\/clinicarg.pt\/wp\/wp-content\/themes\/Template_RG\/images\/spacer.gif\" alt=\"\" width=\"573\" height=\"17\" \/><\/td>\n<td align=\"left\" valign=\"top\" bgcolor=\"#cbce00\" width=\"44\"><img loading=\"lazy\" decoding=\"async\" src=\"https:\/\/clinicarg.pt\/wp\/wp-content\/themes\/Template_RG\/images\/spacer.gif\" alt=\"\" width=\"14\" height=\"17\" \/><\/td>\n<\/tr>\n<tr>\n<td align=\"left\" valign=\"top\"><img loading=\"lazy\" decoding=\"async\" src=\"https:\/\/clinicarg.pt\/wp\/wp-content\/themes\/Template_RG\/images\/spacer.gif\" alt=\"\" width=\"14\" height=\"19\" \/><\/td>\n<td align=\"left\" valign=\"top\"><img loading=\"lazy\" decoding=\"async\" src=\"https:\/\/clinicarg.pt\/wp\/wp-content\/themes\/Template_RG\/images\/spacer.gif\" alt=\"\" width=\"573\" height=\"19\" \/><\/td>\n<td align=\"left\" valign=\"top\"><img loading=\"lazy\" decoding=\"async\" src=\"https:\/\/clinicarg.pt\/wp\/wp-content\/themes\/Template_RG\/images\/spacer.gif\" alt=\"\" width=\"14\" height=\"19\" \/><\/td>\n<\/tr>\n<\/tbody>\n<\/table>\n<table style=\"width: 602px;\" border=\"0\" cellspacing=\"0\" cellpadding=\"0\">\n<tbody>\n<tr>\n<td>\n<h4 style=\"text-align: justify;\"><b>A Reeduca\u00e7\u00e3o Postural Global mais conhecida por RPG, foi desenvolvida em Fran\u00e7a por Phillipe Souchard e consiste na corre\u00e7\u00e3o dos desiquil\u00edbrios posturais detetados, considerando os sistemas muscular,sensitivo e esquel\u00e9tico no seu todo.<\/b><\/h4>\n<h4 style=\"text-align: justify;\">Promove a corre\u00e7\u00e3o da postura nomeadamente atrav\u00e9s de alongamentos globais que envolvem todas as cadeias musculares do corpo humano.<\/h4>\n<h2>Como decorrem as sess\u00f5es?<\/h2>\n<h4 style=\"text-align: justify;\">As sess\u00f5es de tratamento s\u00e3o individuais e visam proporcionar ao utente uma  maior coordena\u00e7\u00e3o da respira\u00e7\u00e3o, refor\u00e7ando a sua consciencializa\u00e7\u00e3o e aumento da flexibilidade de todo o aparelho musculo-esquel\u00e9tico.<\/h4>\n<\/td>\n<\/tr>\n<\/tbody>\n<\/table>\n<\/td>\n<\/tr>\n<\/tbody>\n<\/table>\n<p>&nbsp;<\/p>\n","protected":false},"excerpt":{"rendered":"<p>&#8220;Permite proporcionar ao utente uma maior coordena\u00e7\u00e3o da respira\u00e7\u00e3o, aumento da flexibilidade de todo o aparelho musculo-esquel\u00e9tico, melhoria na postura e diminui\u00e7\u00e3o da dor.&#8221; A Reeduca\u00e7\u00e3o Postural Global mais conhecida por RPG, foi desenvolvida em Fran\u00e7a por Phillipe Souchard e consiste na corre\u00e7\u00e3o dos desiquil\u00edbrios posturais detetados, considerando os sistemas muscular,sensitivo e esquel\u00e9tico no seu [&hellip;]<\/p>\n","protected":false},"author":3,"featured_media":0,"parent":9,"menu_order":0,"comment_status":"closed","ping_status":"closed","template":"","meta":{"footnotes":""},"_links":{"self":[{"href":"https:\/\/clinicarg.pt\/index.php?rest_route=\/wp\/v2\/pages\/805"}],"collection":[{"href":"https:\/\/clinicarg.pt\/index.php?rest_route=\/wp\/v2\/pages"}],"about":[{"href":"https:\/\/clinicarg.pt\/index.php?rest_route=\/wp\/v2\/types\/page"}],"author":[{"embeddable":true,"href":"https:\/\/clinicarg.pt\/index.php?rest_route=\/wp\/v2\/users\/3"}],"replies":[{"embeddable":true,"href":"https:\/\/clinicarg.pt\/index.php?rest_route=%2Fwp%2Fv2%2Fcomments&post=805"}],"version-history":[{"count":12,"href":"https:\/\/clinicarg.pt\/index.php?rest_route=\/wp\/v2\/pages\/805\/revisions"}],"predecessor-version":[{"id":934,"href":"https:\/\/clinicarg.pt\/index.php?rest_route=\/wp\/v2\/pages\/805\/revisions\/934"}],"up":[{"embeddable":true,"href":"https:\/\/clinicarg.pt\/index.php?rest_route=\/wp\/v2\/pages\/9"}],"wp:attachment":[{"href":"https:\/\/clinicarg.pt\/index.php?rest_route=%2Fwp%2Fv2%2Fmedia&parent=805"}],"curies":[{"name":"wp","href":"https:\/\/api.w.org\/{rel}","templated":true}]}}