{"id":813,"date":"2024-04-08T21:41:17","date_gmt":"2024-04-08T21:41:17","guid":{"rendered":"https:\/\/clinicarg.pt\/wp\/?page_id=813"},"modified":"2024-05-22T09:51:24","modified_gmt":"2024-05-22T09:51:24","slug":"acupuntura-medica","status":"publish","type":"page","link":"https:\/\/clinicarg.pt\/?page_id=813","title":{"rendered":"Acupuntura M\u00e9dica"},"content":{"rendered":"<table style=\"width: 857px;\" border=\"0\" cellspacing=\"0\" cellpadding=\"0\">\n<tbody>\n<tr>\n<td align=\"left\" valign=\"top\" width=\"240\" height=\"335\"><img loading=\"lazy\" decoding=\"async\" src=\"https:\/\/clinicarg.pt\/wp\/wp-content\/uploads\/2024\/04\/acupuntura_medica.png\" alt=\"\" width=\"240\" height=\"335\" \/><\/td>\n<td align=\"left\" valign=\"top\" width=\"15\"><img loading=\"lazy\" decoding=\"async\" src=\"https:\/\/clinicarg.pt\/wp\/wp-content\/themes\/Template_RG\/images\/spacer.gif\" alt=\"\" width=\"15\" height=\"55\" \/><\/td>\n<td align=\"left\" valign=\"top\" width=\"602\">\n<table style=\"width: 602px;\" border=\"0\" cellspacing=\"0\" cellpadding=\"0\">\n<tbody>\n<tr>\n<td align=\"left\" valign=\"top\" bgcolor=\"#cbce00\" width=\"17\"><img loading=\"lazy\" decoding=\"async\" src=\"https:\/\/clinicarg.pt\/wp\/wp-content\/themes\/Template_RG\/images\/spacer.gif\" alt=\"\" width=\"14\" height=\"14\" \/><\/td>\n<td align=\"left\" valign=\"top\" bgcolor=\"#cbce00\" width=\"573\"><img loading=\"lazy\" decoding=\"async\" src=\"https:\/\/clinicarg.pt\/wp\/wp-content\/themes\/Template_RG\/images\/spacer.gif\" alt=\"\" width=\"573\" height=\"17\" \/><\/td>\n<td align=\"left\" valign=\"top\" bgcolor=\"#cbce00\" width=\"14\"><img loading=\"lazy\" decoding=\"async\" src=\"https:\/\/clinicarg.pt\/wp\/wp-content\/themes\/Template_RG\/images\/spacer.gif\" alt=\"\" width=\"14\" height=\"14\" \/><\/td>\n<\/tr>\n<tr>\n<td align=\"left\" valign=\"top\" bgcolor=\"#cbce00\" width=\"17\"><img loading=\"lazy\" decoding=\"async\" src=\"https:\/\/clinicarg.pt\/wp\/wp-content\/themes\/Template_RG\/images\/spacer.gif\" alt=\"\" width=\"14\" height=\"14\" \/><\/td>\n<td align=\"left\" valign=\"top\" bgcolor=\"#cbce00\" width=\"541\">\n<h1 style=\"text-align: left;\">&#8220;\u00c9 uma t\u00e9cnica terap\u00eautica cujo efeito pode ser explicado pela liberta\u00e7\u00e3o de subst\u00e2ncias end\u00f3genas, endorfinas, neurotransmissores e hormonas que v\u00e3o modelar o sistema nervoso central e aut\u00f3nomo, promovendo o equil\u00edbrio do organismo.&#8221;<\/h1>\n<\/td>\n<td align=\"left\" valign=\"top\" bgcolor=\"#cbce00\" width=\"44\"><img loading=\"lazy\" decoding=\"async\" src=\"https:\/\/clinicarg.pt\/wp\/wp-content\/themes\/Template_RG\/images\/spacer.gif\" alt=\"\" width=\"14\" height=\"14\" \/><\/td>\n<\/tr>\n<tr>\n<td align=\"left\" valign=\"top\" bgcolor=\"#cbce00\" width=\"14\"><img loading=\"lazy\" decoding=\"async\" src=\"https:\/\/clinicarg.pt\/wp\/wp-content\/themes\/Template_RG\/images\/spacer.gif\" alt=\"\" width=\"14\" height=\"17\" \/><\/td>\n<td align=\"left\" valign=\"top\" bgcolor=\"#cbce00\" width=\"573\"><img loading=\"lazy\" decoding=\"async\" src=\"https:\/\/clinicarg.pt\/wp\/wp-content\/themes\/Template_RG\/images\/spacer.gif\" alt=\"\" width=\"573\" height=\"17\" \/><\/td>\n<td align=\"left\" valign=\"top\" bgcolor=\"#cbce00\" width=\"44\"><img loading=\"lazy\" decoding=\"async\" src=\"https:\/\/clinicarg.pt\/wp\/wp-content\/themes\/Template_RG\/images\/spacer.gif\" alt=\"\" width=\"14\" height=\"17\" \/><\/td>\n<\/tr>\n<tr>\n<td align=\"left\" valign=\"top\"><img loading=\"lazy\" decoding=\"async\" src=\"https:\/\/clinicarg.pt\/wp\/wp-content\/themes\/Template_RG\/images\/spacer.gif\" alt=\"\" width=\"14\" height=\"19\" \/><\/td>\n<td align=\"left\" valign=\"top\"><img loading=\"lazy\" decoding=\"async\" src=\"https:\/\/clinicarg.pt\/wp\/wp-content\/themes\/Template_RG\/images\/spacer.gif\" alt=\"\" width=\"573\" height=\"19\" \/><\/td>\n<td align=\"left\" valign=\"top\"><img loading=\"lazy\" decoding=\"async\" src=\"https:\/\/clinicarg.pt\/wp\/wp-content\/themes\/Template_RG\/images\/spacer.gif\" alt=\"\" width=\"14\" height=\"19\" \/><\/td>\n<\/tr>\n<\/tbody>\n<\/table>\n<table style=\"width: 602px;\" border=\"0\" cellspacing=\"0\" cellpadding=\"0\">\n<tbody>\n<tr>\n<td>\n<h4 style=\"text-align: justify;\"><b>A Acupuntura M\u00e9dica \u00e9 uma t\u00e9cnica terap\u00eautica que consiste na introdu\u00e7\u00e3o de agulhas finas em locais espec\u00edficos do organismo para estimula\u00e7\u00e3o de recetores espec\u00edficos. O seu efeito pode ser explicado pela liberta\u00e7\u00e3o de subst\u00e2ncias end\u00f3genas, endorfinas, neurotransmissores e hormonas que v\u00e3o modelar o sistema nervoso central e aut\u00f3nomo, promovendo o equil\u00edbrio do organismo.<\/b><\/h4>\n<h4 style=\"text-align: justify;\">Antes do in\u00edcio do tratamento, o doente ser\u00e1 avaliado numa consulta para realiza\u00e7\u00e3o da hist\u00f3ria cl\u00ednica, exame objetivo, interpreta\u00e7\u00e3o de exames complementares de diagn\u00f3stico e elabora\u00e7\u00e3o do protocolo de tratamento.<\/h4>\n<h4 style=\"text-align: justify;\">A acupuntura \u00e9 utilizada sobretudo no tratamento de patologias musculo-esquel\u00e9ticas, como artrose da anca e do joelho, entorse do tornozelo, cervicalgia, lombalgia, dor do ombro, disfun\u00e7\u00e3o da articula\u00e7\u00e3o temporo-mandibular e em outras situa\u00e7\u00f5es como cefaleia de tens\u00e3o e dor menstrual.<\/h4>\n<h4 style=\"text-align: justify;\">A Acupuntura M\u00e9dica \u00e9 uma Compet\u00eancia certificada pela Ordem dos M\u00e9dicos.<\/h4>\n<\/td>\n<\/tr>\n<\/tbody>\n<\/table>\n<\/td>\n<\/tr>\n<\/tbody>\n<\/table>\n<p>&nbsp;<\/p>\n","protected":false},"excerpt":{"rendered":"<p>&#8220;\u00c9 uma t\u00e9cnica terap\u00eautica cujo efeito pode ser explicado pela liberta\u00e7\u00e3o de subst\u00e2ncias end\u00f3genas, endorfinas, neurotransmissores e hormonas que v\u00e3o modelar o sistema nervoso central e aut\u00f3nomo, promovendo o equil\u00edbrio do organismo.&#8221; A Acupuntura M\u00e9dica \u00e9 uma t\u00e9cnica terap\u00eautica que consiste na introdu\u00e7\u00e3o de agulhas finas em locais espec\u00edficos do organismo para estimula\u00e7\u00e3o de recetores [&hellip;]<\/p>\n","protected":false},"author":3,"featured_media":0,"parent":9,"menu_order":0,"comment_status":"closed","ping_status":"closed","template":"","meta":{"footnotes":""},"_links":{"self":[{"href":"https:\/\/clinicarg.pt\/index.php?rest_route=\/wp\/v2\/pages\/813"}],"collection":[{"href":"https:\/\/clinicarg.pt\/index.php?rest_route=\/wp\/v2\/pages"}],"about":[{"href":"https:\/\/clinicarg.pt\/index.php?rest_route=\/wp\/v2\/types\/page"}],"author":[{"embeddable":true,"href":"https:\/\/clinicarg.pt\/index.php?rest_route=\/wp\/v2\/users\/3"}],"replies":[{"embeddable":true,"href":"https:\/\/clinicarg.pt\/index.php?rest_route=%2Fwp%2Fv2%2Fcomments&post=813"}],"version-history":[{"count":5,"href":"https:\/\/clinicarg.pt\/index.php?rest_route=\/wp\/v2\/pages\/813\/revisions"}],"predecessor-version":[{"id":922,"href":"https:\/\/clinicarg.pt\/index.php?rest_route=\/wp\/v2\/pages\/813\/revisions\/922"}],"up":[{"embeddable":true,"href":"https:\/\/clinicarg.pt\/index.php?rest_route=\/wp\/v2\/pages\/9"}],"wp:attachment":[{"href":"https:\/\/clinicarg.pt\/index.php?rest_route=%2Fwp%2Fv2%2Fmedia&parent=813"}],"curies":[{"name":"wp","href":"https:\/\/api.w.org\/{rel}","templated":true}]}}