{"id":819,"date":"2024-04-08T21:45:54","date_gmt":"2024-04-08T21:45:54","guid":{"rendered":"https:\/\/clinicarg.pt\/wp\/?page_id=819"},"modified":"2024-05-22T10:47:57","modified_gmt":"2024-05-22T10:47:57","slug":"osteopatia","status":"publish","type":"page","link":"https:\/\/clinicarg.pt\/?page_id=819","title":{"rendered":"Osteopatia"},"content":{"rendered":"<table style=\"width: 857px;\" border=\"0\" cellspacing=\"0\" cellpadding=\"0\">\n<tbody>\n<tr>\n<td align=\"left\" valign=\"top\" width=\"240\" height=\"335\"><img loading=\"lazy\" decoding=\"async\" src=\"https:\/\/clinicarg.pt\/wp\/wp-content\/uploads\/2024\/04\/osteopatia.png\" alt=\"\" width=\"240\" height=\"335\" \/><\/td>\n<td align=\"left\" valign=\"top\" width=\"15\"><img loading=\"lazy\" decoding=\"async\" src=\"https:\/\/clinicarg.pt\/wp\/wp-content\/themes\/Template_RG\/images\/spacer.gif\" alt=\"\" width=\"15\" height=\"55\" \/><\/td>\n<td align=\"left\" valign=\"top\" width=\"602\">\n<table style=\"width: 602px;\" border=\"0\" cellspacing=\"0\" cellpadding=\"0\">\n<tbody>\n<tr>\n<td align=\"left\" valign=\"top\" bgcolor=\"#cbce00\" width=\"17\"><img loading=\"lazy\" decoding=\"async\" src=\"https:\/\/clinicarg.pt\/wp\/wp-content\/themes\/Template_RG\/images\/spacer.gif\" alt=\"\" width=\"14\" height=\"14\" \/><\/td>\n<td align=\"left\" valign=\"top\" bgcolor=\"#cbce00\" width=\"573\"><img loading=\"lazy\" decoding=\"async\" src=\"https:\/\/clinicarg.pt\/wp\/wp-content\/themes\/Template_RG\/images\/spacer.gif\" alt=\"\" width=\"573\" height=\"17\" \/><\/td>\n<td align=\"left\" valign=\"top\" bgcolor=\"#cbce00\" width=\"14\"><img loading=\"lazy\" decoding=\"async\" src=\"https:\/\/clinicarg.pt\/wp\/wp-content\/themes\/Template_RG\/images\/spacer.gif\" alt=\"\" width=\"14\" height=\"14\" \/><\/td>\n<\/tr>\n<tr>\n<td align=\"left\" valign=\"top\" bgcolor=\"#cbce00\" width=\"17\"><img loading=\"lazy\" decoding=\"async\" src=\"https:\/\/clinicarg.pt\/wp\/wp-content\/themes\/Template_RG\/images\/spacer.gif\" alt=\"\" width=\"14\" height=\"14\" \/><\/td>\n<td align=\"left\" valign=\"top\" bgcolor=\"#cbce00\" width=\"541\">\n<h1 style=\"text-align: left;\">&#8220;\u00c9 uma t\u00e9cnica de tratamento global que aborda o organismo como um todo atuando essencialmente ao n\u00edvel do sistema neuro-musculo-esquel\u00e9tico.&#8221;<\/h1>\n<\/td>\n<td align=\"left\" valign=\"top\" bgcolor=\"#cbce00\" width=\"44\"><img loading=\"lazy\" decoding=\"async\" src=\"https:\/\/clinicarg.pt\/wp\/wp-content\/themes\/Template_RG\/images\/spacer.gif\" alt=\"\" width=\"14\" height=\"14\" \/><\/td>\n<\/tr>\n<tr>\n<td align=\"left\" valign=\"top\" bgcolor=\"#cbce00\" width=\"14\"><img loading=\"lazy\" decoding=\"async\" src=\"https:\/\/clinicarg.pt\/wp\/wp-content\/themes\/Template_RG\/images\/spacer.gif\" alt=\"\" width=\"14\" height=\"17\" \/><\/td>\n<td align=\"left\" valign=\"top\" bgcolor=\"#cbce00\" width=\"573\"><img loading=\"lazy\" decoding=\"async\" src=\"https:\/\/clinicarg.pt\/wp\/wp-content\/themes\/Template_RG\/images\/spacer.gif\" alt=\"\" width=\"573\" height=\"17\" \/><\/td>\n<td align=\"left\" valign=\"top\" bgcolor=\"#cbce00\" width=\"44\"><img loading=\"lazy\" decoding=\"async\" src=\"https:\/\/clinicarg.pt\/wp\/wp-content\/themes\/Template_RG\/images\/spacer.gif\" alt=\"\" width=\"14\" height=\"17\" \/><\/td>\n<\/tr>\n<tr>\n<td align=\"left\" valign=\"top\"><img loading=\"lazy\" decoding=\"async\" src=\"https:\/\/clinicarg.pt\/wp\/wp-content\/themes\/Template_RG\/images\/spacer.gif\" alt=\"\" width=\"14\" height=\"19\" \/><\/td>\n<td align=\"left\" valign=\"top\"><img loading=\"lazy\" decoding=\"async\" src=\"https:\/\/clinicarg.pt\/wp\/wp-content\/themes\/Template_RG\/images\/spacer.gif\" alt=\"\" width=\"573\" height=\"19\" \/><\/td>\n<td align=\"left\" valign=\"top\"><img loading=\"lazy\" decoding=\"async\" src=\"https:\/\/clinicarg.pt\/wp\/wp-content\/themes\/Template_RG\/images\/spacer.gif\" alt=\"\" width=\"14\" height=\"19\" \/><\/td>\n<\/tr>\n<\/tbody>\n<\/table>\n<table style=\"width: 602px;\" border=\"0\" cellspacing=\"0\" cellpadding=\"0\">\n<tbody>\n<tr>\n<td>\n<h4 style=\"text-align: justify;\">Consiste na utiliza\u00e7\u00e3o de t\u00e9cnicas espec\u00edficas nas v\u00e1rias estruturas anat\u00f3micas do sistema musculo-esquel\u00e9tico nomeadamente t\u00e9cnicas de alongamento, t\u00e9cnicas miotensivas, t\u00e9cnicas de bombeio e t\u00e9cnicas manipulativas, com a finalidade de normalizar uma disfun\u00e7\u00e3o.<\/h4>\n<\/td>\n<\/tr>\n<\/tbody>\n<\/table>\n<\/td>\n<\/tr>\n<\/tbody>\n<\/table>\n<p>&nbsp;<\/p>\n","protected":false},"excerpt":{"rendered":"<p>&#8220;\u00c9 uma t\u00e9cnica de tratamento global que aborda o organismo como um todo atuando essencialmente ao n\u00edvel do sistema neuro-musculo-esquel\u00e9tico.&#8221; Consiste na utiliza\u00e7\u00e3o de t\u00e9cnicas espec\u00edficas nas v\u00e1rias estruturas anat\u00f3micas do sistema musculo-esquel\u00e9tico nomeadamente t\u00e9cnicas de alongamento, t\u00e9cnicas miotensivas, t\u00e9cnicas de bombeio e t\u00e9cnicas manipulativas, com a finalidade de normalizar uma disfun\u00e7\u00e3o. &nbsp;<\/p>\n","protected":false},"author":3,"featured_media":0,"parent":9,"menu_order":0,"comment_status":"closed","ping_status":"closed","template":"","meta":{"footnotes":""},"_links":{"self":[{"href":"https:\/\/clinicarg.pt\/index.php?rest_route=\/wp\/v2\/pages\/819"}],"collection":[{"href":"https:\/\/clinicarg.pt\/index.php?rest_route=\/wp\/v2\/pages"}],"about":[{"href":"https:\/\/clinicarg.pt\/index.php?rest_route=\/wp\/v2\/types\/page"}],"author":[{"embeddable":true,"href":"https:\/\/clinicarg.pt\/index.php?rest_route=\/wp\/v2\/users\/3"}],"replies":[{"embeddable":true,"href":"https:\/\/clinicarg.pt\/index.php?rest_route=%2Fwp%2Fv2%2Fcomments&post=819"}],"version-history":[{"count":7,"href":"https:\/\/clinicarg.pt\/index.php?rest_route=\/wp\/v2\/pages\/819\/revisions"}],"predecessor-version":[{"id":936,"href":"https:\/\/clinicarg.pt\/index.php?rest_route=\/wp\/v2\/pages\/819\/revisions\/936"}],"up":[{"embeddable":true,"href":"https:\/\/clinicarg.pt\/index.php?rest_route=\/wp\/v2\/pages\/9"}],"wp:attachment":[{"href":"https:\/\/clinicarg.pt\/index.php?rest_route=%2Fwp%2Fv2%2Fmedia&parent=819"}],"curies":[{"name":"wp","href":"https:\/\/api.w.org\/{rel}","templated":true}]}}