{"id":823,"date":"2024-04-08T21:50:46","date_gmt":"2024-04-08T21:50:46","guid":{"rendered":"https:\/\/clinicarg.pt\/wp\/?page_id=823"},"modified":"2024-05-22T09:53:15","modified_gmt":"2024-05-22T09:53:15","slug":"drenagem-linfatica","status":"publish","type":"page","link":"https:\/\/clinicarg.pt\/?page_id=823","title":{"rendered":"Drenagem Linf\u00e1tica"},"content":{"rendered":"<table style=\"width: 857px;\" border=\"0\" cellspacing=\"0\" cellpadding=\"0\">\n<tbody>\n<tr>\n<td align=\"left\" valign=\"top\" width=\"240\" height=\"335\"><img loading=\"lazy\" decoding=\"async\" src=\"https:\/\/clinicarg.pt\/wp\/wp-content\/uploads\/2024\/04\/drenagem_linfatica.png\" alt=\"\" width=\"240\" height=\"335\" \/><\/td>\n<td align=\"left\" valign=\"top\" width=\"15\"><img loading=\"lazy\" decoding=\"async\" src=\"https:\/\/clinicarg.pt\/wp\/wp-content\/themes\/Template_RG\/images\/spacer.gif\" alt=\"\" width=\"15\" height=\"55\" \/><\/td>\n<td align=\"left\" valign=\"top\" width=\"602\">\n<table style=\"width: 602px;\" border=\"0\" cellspacing=\"0\" cellpadding=\"0\">\n<tbody>\n<tr>\n<td align=\"left\" valign=\"top\" bgcolor=\"#cbce00\" width=\"17\"><img loading=\"lazy\" decoding=\"async\" src=\"https:\/\/clinicarg.pt\/wp\/wp-content\/themes\/Template_RG\/images\/spacer.gif\" alt=\"\" width=\"14\" height=\"14\" \/><\/td>\n<td align=\"left\" valign=\"top\" bgcolor=\"#cbce00\" width=\"573\"><img loading=\"lazy\" decoding=\"async\" src=\"https:\/\/clinicarg.pt\/wp\/wp-content\/themes\/Template_RG\/images\/spacer.gif\" alt=\"\" width=\"573\" height=\"17\" \/><\/td>\n<td align=\"left\" valign=\"top\" bgcolor=\"#cbce00\" width=\"14\"><img loading=\"lazy\" decoding=\"async\" src=\"https:\/\/clinicarg.pt\/wp\/wp-content\/themes\/Template_RG\/images\/spacer.gif\" alt=\"\" width=\"14\" height=\"14\" \/><\/td>\n<\/tr>\n<tr>\n<td align=\"left\" valign=\"top\" bgcolor=\"#cbce00\" width=\"17\"><img loading=\"lazy\" decoding=\"async\" src=\"https:\/\/clinicarg.pt\/wp\/wp-content\/themes\/Template_RG\/images\/spacer.gif\" alt=\"\" width=\"14\" height=\"14\" \/><\/td>\n<td align=\"left\" valign=\"top\" bgcolor=\"#cbce00\" width=\"541\">\n<h1 style=\"text-align: left;\">&#8220;T\u00e9cnica de massagem manual, efetuada por profissionais qualificados de forma a estimular o sistema linf\u00e1tico favorecendo o seu bom funcionamento&#8221;<\/h1>\n<\/td>\n<td align=\"left\" valign=\"top\" bgcolor=\"#cbce00\" width=\"44\"><img loading=\"lazy\" decoding=\"async\" src=\"https:\/\/clinicarg.pt\/wp\/wp-content\/themes\/Template_RG\/images\/spacer.gif\" alt=\"\" width=\"14\" height=\"14\" \/><\/td>\n<\/tr>\n<tr>\n<td align=\"left\" valign=\"top\" bgcolor=\"#cbce00\" width=\"14\"><img loading=\"lazy\" decoding=\"async\" src=\"https:\/\/clinicarg.pt\/wp\/wp-content\/themes\/Template_RG\/images\/spacer.gif\" alt=\"\" width=\"14\" height=\"17\" \/><\/td>\n<td align=\"left\" valign=\"top\" bgcolor=\"#cbce00\" width=\"573\"><img loading=\"lazy\" decoding=\"async\" src=\"https:\/\/clinicarg.pt\/wp\/wp-content\/themes\/Template_RG\/images\/spacer.gif\" alt=\"\" width=\"573\" height=\"17\" \/><\/td>\n<td align=\"left\" valign=\"top\" bgcolor=\"#cbce00\" width=\"44\"><img loading=\"lazy\" decoding=\"async\" src=\"https:\/\/clinicarg.pt\/wp\/wp-content\/themes\/Template_RG\/images\/spacer.gif\" alt=\"\" width=\"14\" height=\"17\" \/><\/td>\n<\/tr>\n<tr>\n<td align=\"left\" valign=\"top\"><img loading=\"lazy\" decoding=\"async\" src=\"https:\/\/clinicarg.pt\/wp\/wp-content\/themes\/Template_RG\/images\/spacer.gif\" alt=\"\" width=\"14\" height=\"19\" \/><\/td>\n<td align=\"left\" valign=\"top\"><img loading=\"lazy\" decoding=\"async\" src=\"https:\/\/clinicarg.pt\/wp\/wp-content\/themes\/Template_RG\/images\/spacer.gif\" alt=\"\" width=\"573\" height=\"19\" \/><\/td>\n<td align=\"left\" valign=\"top\"><img loading=\"lazy\" decoding=\"async\" src=\"https:\/\/clinicarg.pt\/wp\/wp-content\/themes\/Template_RG\/images\/spacer.gif\" alt=\"\" width=\"14\" height=\"19\" \/><\/td>\n<\/tr>\n<\/tbody>\n<\/table>\n<table style=\"width: 602px;\" border=\"0\" cellspacing=\"0\" cellpadding=\"0\">\n<tbody>\n<tr>\n<td>\n<h4 style=\"text-align: justify;\">A drenagem linf\u00e1tica \u00e9 uma t\u00e9cnica de massagem que estimula o sistema linf\u00e1tico, realizada com manobras manuais precisas, lentas e cadenciadas. De modo a introduzir nos capilares linf\u00e1ticos, as mol\u00e9culas e res\u00edduos celulares que n\u00e3o entram no sistema venoso e s\u00e3o respons\u00e1veis pela reten\u00e7\u00e3o de l\u00edquidos, impedindo uma boa circula\u00e7\u00e3o quer sangu\u00ednea quer linf\u00e1tica e favorecendo o aparecimento de v\u00e1rias patologias nomeadamente de linfedema, celulite e s\u00edndrome das pernas pesadas, cansadas e dolorosas.<\/h4>\n<\/td>\n<\/tr>\n<\/tbody>\n<\/table>\n<\/td>\n<\/tr>\n<\/tbody>\n<\/table>\n<p>&nbsp;<\/p>\n","protected":false},"excerpt":{"rendered":"<p>&#8220;T\u00e9cnica de massagem manual, efetuada por profissionais qualificados de forma a estimular o sistema linf\u00e1tico favorecendo o seu bom funcionamento&#8221; A drenagem linf\u00e1tica \u00e9 uma t\u00e9cnica de massagem que estimula o sistema linf\u00e1tico, realizada com manobras manuais precisas, lentas e cadenciadas. De modo a introduzir nos capilares linf\u00e1ticos, as mol\u00e9culas e res\u00edduos celulares que n\u00e3o [&hellip;]<\/p>\n","protected":false},"author":3,"featured_media":0,"parent":9,"menu_order":0,"comment_status":"closed","ping_status":"closed","template":"","meta":{"footnotes":""},"_links":{"self":[{"href":"https:\/\/clinicarg.pt\/index.php?rest_route=\/wp\/v2\/pages\/823"}],"collection":[{"href":"https:\/\/clinicarg.pt\/index.php?rest_route=\/wp\/v2\/pages"}],"about":[{"href":"https:\/\/clinicarg.pt\/index.php?rest_route=\/wp\/v2\/types\/page"}],"author":[{"embeddable":true,"href":"https:\/\/clinicarg.pt\/index.php?rest_route=\/wp\/v2\/users\/3"}],"replies":[{"embeddable":true,"href":"https:\/\/clinicarg.pt\/index.php?rest_route=%2Fwp%2Fv2%2Fcomments&post=823"}],"version-history":[{"count":5,"href":"https:\/\/clinicarg.pt\/index.php?rest_route=\/wp\/v2\/pages\/823\/revisions"}],"predecessor-version":[{"id":924,"href":"https:\/\/clinicarg.pt\/index.php?rest_route=\/wp\/v2\/pages\/823\/revisions\/924"}],"up":[{"embeddable":true,"href":"https:\/\/clinicarg.pt\/index.php?rest_route=\/wp\/v2\/pages\/9"}],"wp:attachment":[{"href":"https:\/\/clinicarg.pt\/index.php?rest_route=%2Fwp%2Fv2%2Fmedia&parent=823"}],"curies":[{"name":"wp","href":"https:\/\/api.w.org\/{rel}","templated":true}]}}