{"id":9,"date":"2011-02-01T14:11:05","date_gmt":"2011-02-01T14:11:05","guid":{"rendered":"https:\/\/clinicarg.pt\/wp\/?page_id=9"},"modified":"2024-05-22T09:39:18","modified_gmt":"2024-05-22T09:39:18","slug":"tratamentos","status":"publish","type":"page","link":"https:\/\/clinicarg.pt\/?page_id=9","title":{"rendered":"Tratamentos"},"content":{"rendered":"<table style=\"width: 857px;\" border=\"0\" cellspacing=\"0\" cellpadding=\"0\">\n<tbody>\n<tr>\n<td width=\"240\" height=\"335\" align=\"left\" valign=\"top\"><img loading=\"lazy\" decoding=\"async\" src=\"https:\/\/clinicarg.pt\/wp\/wp-content\/themes\/Template_RG\/images\/index_tratamentos.jpg\" alt=\"\" width=\"240\" height=\"335\" \/><\/td>\n<td width=\"15\" align=\"left\" valign=\"top\"><img loading=\"lazy\" decoding=\"async\" src=\"https:\/\/clinicarg.pt\/wp\/wp-content\/themes\/Template_RG\/images\/spacer.gif\" alt=\"\" width=\"15\" height=\"55\" \/><\/td>\n<td width=\"602\" align=\"left\" valign=\"top\">\n<table style=\"width: 602px;\" border=\"0\" cellspacing=\"0\" cellpadding=\"0\">\n<tbody>\n<tr>\n<td align=\"left\" valign=\"top\">\n<h4><strong>Todos os tratamentos s\u00e3o realizados de acordo com a prescri\u00e7\u00e3o efetuada pelo m\u00e9dico, utilizando para o efeito uma grande diversidade de instrumentos terap\u00eauticos.<\/strong><\/p>\n<p>Os tratamentos mais frequentes incluem: termoterapia (calor h\u00famido, parafina), ultrassons, correntes com efeito analg\u00e9sico ou excitomotor (de baixa ou de m\u00e9dia frequ\u00eancia), correntes de alta frequ\u00eancia como as ondas curtas, eletro-estimula\u00e7\u00e3o transcut\u00e2nea (TENS) e laser.<\/p>\n<p>Em associa\u00e7\u00e3o a estes agentes f\u00edsicos pode ser efetuada massagem terap\u00eautica, pressoterapia, cinesiterapia e mecanoterapia em conformidade com o programa terap\u00eautico estabelecido.<\/p>\n<p>Dispomos de outras t\u00e9cnicas para al\u00e9m das acima referidas, que representam terap\u00eauticas diferenciadas envolvendo equipamento sofisticado:<\/p>\n<\/h4>\n<\/td>\n<\/tr>\n<\/tbody>\n<\/table>\n<table style=\"width: 602px; text-align: right;\" border=\"0\" cellspacing=\"0\" cellpadding=\"0\">\n<tbody>\n<tr>\n<td align=\"left\" valign=\"top\">\n<span class=\"h22\">Mesoterapia:<\/span><\/p>\n<h4>S\u00e3o inje\u00e7\u00f5es locais administradas sob a pele, com agulhas de 4 a 13 mm. A inje\u00e7\u00e3o \u00e9 feita com a ajuda de agulhas muito finas e a apenas alguns mil\u00edmetros de profundidade, manualmente ou preferencialmente por meio de uma pistola de inje\u00e7\u00e3o ou mesoperfusor. <a href=\"https:\/\/clinicarg.pt\/wp\/?page_id=11\" target=\"_parent\" rel=\"noopener\"><strong>Ler [+]<\/strong><\/a><\/h4>\n<\/td>\n<\/tr>\n<tr>\n<td height=\"10\" align=\"left\" valign=\"top\"><img loading=\"lazy\" decoding=\"async\" src=\"https:\/\/clinicarg.pt\/wp\/wp-content\/themes\/Template_RG\/images\/spacer.gif\" alt=\"\" width=\"602\" height=\"10\" \/><\/td>\n<\/tr>\n<\/tbody>\n<\/table>\n<table style=\"width: 602px; text-align: right;\" border=\"0\" cellspacing=\"0\" cellpadding=\"0\">\n<tbody>\n<tr>\n<td align=\"left\" valign=\"top\">\n<span class=\"h22\">Endermologia:<\/span><\/p>\n<h4>\u00c9 um tratamento que estimula a circula\u00e7\u00e3o sangu\u00ednea e linf\u00e1tica, facilitando a elimina\u00e7\u00e3o de toxinas, por meio de um aparelho pr\u00f3prio com aplicadores em fun\u00e7\u00e3o da zona do corpo a tratar. <a href=\"https:\/\/clinicarg.pt\/wp\/?page_id=13\" target=\"_parent\" rel=\"noopener\"><strong>Ler [+]<\/strong><\/a><\/h4>\n<\/td>\n<\/tr>\n<tr>\n<td height=\"10\" align=\"left\" valign=\"top\"><img loading=\"lazy\" decoding=\"async\" src=\"https:\/\/clinicarg.pt\/wp\/wp-content\/themes\/Template_RG\/images\/spacer.gif\" alt=\"\" width=\"602\" height=\"10\" \/><\/td>\n<\/tr>\n<\/tbody>\n<\/table>\n<table style=\"width: 602px; text-align: right;\" border=\"0\" cellspacing=\"0\" cellpadding=\"0\">\n<tbody>\n<tr>\n<td align=\"left\" valign=\"top\">\n<span class=\"h22\">Ondas de Choque:<\/span><\/p>\n<h4>\u00c9 uma t\u00e9cnica terap\u00eautica eficaz em determinados reumatismos abarticulares como tendinites com ou sem calcifica\u00e7\u00e3o, nomeadamente ao n\u00edvel do ombro, cotovelo, anca, joelho e tend\u00e3o de Aquiles, assim como nas fasce\u00edtes plantares. <a href=\"https:\/\/clinicarg.pt\/wp\/?page_id=15\" target=\"_parent\" rel=\"noopener\"><strong>Ler [+]<\/strong><\/a><\/h4>\n<\/td>\n<\/tr>\n<tr>\n<td height=\"10\" align=\"left\" valign=\"top\"><img loading=\"lazy\" decoding=\"async\" src=\"https:\/\/clinicarg.pt\/wp\/wp-content\/themes\/Template_RG\/images\/spacer.gif\" alt=\"\" width=\"602\" height=\"10\" \/><\/td>\n<\/tr>\n<\/tbody>\n<\/table>\n<table style=\"width: 602px; text-align: right;\" border=\"0\" cellspacing=\"0\" cellpadding=\"0\">\n<tbody>\n<tr>\n<td align=\"left\" valign=\"top\">\n<span class=\"h22\">Laser:<\/span><\/p>\n<h4>A Fisioterapia, assim como v\u00e1rias especialidades m\u00e9dicas, vem mostrando nos \u00faltimos anos grandes resultados na utiliza\u00e7\u00e3o do laser como recurso terap\u00eautico. Quando nos referimos \u00e0 Fisioterapia, o Laser utilizado \u00e9 o LBP (Laser de Baixa Pot\u00eancia). <a href=\"https:\/\/clinicarg.pt\/wp\/?page_id=17\" target=\"_parent\" rel=\"noopener\"><strong>Ler [+]<\/strong><\/a><\/h4>\n<\/td>\n<\/tr>\n<tr>\n<td height=\"10\" align=\"left\" valign=\"top\"><img loading=\"lazy\" decoding=\"async\" src=\"https:\/\/clinicarg.pt\/wp\/wp-content\/themes\/Template_RG\/images\/spacer.gif\" alt=\"\" width=\"602\" height=\"10\" \/><\/td>\n<\/tr>\n<\/tbody>\n<\/table>\n<table style=\"width: 602px; text-align: right;\" border=\"0\" cellspacing=\"0\" cellpadding=\"0\">\n<tbody>\n<tr>\n<td align=\"left\" valign=\"top\">\n<span class=\"h22\">T\u00e9cnicas ecoguiadas:<\/span><\/p>\n<h4>As t\u00e9cnicas ecoguiadas visam o tratamento da dor e a remiss\u00e3o da evolu\u00e7\u00e3o da doen\u00e7a em patologia musculoesquel\u00e9tica, ao n\u00edvel da articula\u00e7\u00e3o, tend\u00e3o, ligamento, m\u00fasculo, nervo, bolsa e quisto, no membro superior, membro inferior, coluna e tronco, contribuindo para a melhoria da mobilidade, autonomia e qualidade de vida. <a href=\"https:\/\/clinicarg.pt\/wp\/?page_id=798\" target=\"_parent\" rel=\"noopener\"><strong>Ler [+]<\/strong><\/a><\/h4>\n<\/td>\n<\/tr>\n<tr>\n<td height=\"10\" align=\"left\" valign=\"top\"><img loading=\"lazy\" decoding=\"async\" src=\"https:\/\/clinicarg.pt\/wp\/wp-content\/themes\/Template_RG\/images\/spacer.gif\" alt=\"\" width=\"602\" height=\"10\" \/><\/td>\n<\/tr>\n<\/tbody>\n<\/table>\n<table style=\"width: 602px; text-align: right;\" border=\"0\" cellspacing=\"0\" cellpadding=\"0\">\n<tbody>\n<tr>\n<td align=\"left\" valign=\"top\">\n<span class=\"h22\">Reeduca\u00e7\u00e3o Postural Global:<\/span><\/p>\n<h4>Tem como indica\u00e7\u00f5es terap\u00eauticas as les\u00f5es articulares, particularmente escolioses h\u00e9rnias, protus\u00f5es discais, patologias neurol\u00f3gicas esp\u00e1sticas, patologias respirat\u00f3rias, assim como todas as altera\u00e7\u00f5es morfol\u00f3gicas causadas por posi\u00e7\u00f5es adotadas de forma continua e incorretamente. <a href=\"https:\/\/clinicarg.pt\/wp\/?page_id=805\" target=\"_parent\" rel=\"noopener\"><strong>Ler [+]<\/strong><\/a><\/h4>\n<\/td>\n<\/tr>\n<tr>\n<td height=\"10\" align=\"left\" valign=\"top\"><img loading=\"lazy\" decoding=\"async\" src=\"https:\/\/clinicarg.pt\/wp\/wp-content\/themes\/Template_RG\/images\/spacer.gif\" alt=\"\" width=\"602\" height=\"10\" \/><\/td>\n<\/tr>\n<\/tbody>\n<\/table>\n<table style=\"width: 602px; text-align: right;\" border=\"0\" cellspacing=\"0\" cellpadding=\"0\">\n<tbody>\n<tr>\n<td align=\"left\" valign=\"top\">\n<span class=\"h22\">Acupuntura M\u00e9dica:<\/span><\/p>\n<h4>\u00c9 uma t\u00e9cnica terap\u00eautica que consiste na introdu\u00e7\u00e3o de agulhas finas em locais espec\u00edficos do organismo para estimula\u00e7\u00e3o de recetores espec\u00edficos. O seu efeito pode ser explicado pela liberta\u00e7\u00e3o de subst\u00e2ncias end\u00f3genas, endorfinas, neurotransmissores e hormonas que v\u00e3o modelar o sistema nervoso central e aut\u00f3nomo, promovendo o equil\u00edbrio do organismo. <a href=\"https:\/\/clinicarg.pt\/wp\/?page_id=813\" target=\"_parent\" rel=\"noopener\"><strong>Ler [+]<\/strong><\/a><\/h4>\n<\/td>\n<\/tr>\n<tr>\n<td height=\"10\" align=\"left\" valign=\"top\"><img loading=\"lazy\" decoding=\"async\" src=\"https:\/\/clinicarg.pt\/wp\/wp-content\/themes\/Template_RG\/images\/spacer.gif\" alt=\"\" width=\"602\" height=\"10\" \/><\/td>\n<\/tr>\n<\/tbody>\n<\/table>\n<table style=\"width: 602px; text-align: right;\" border=\"0\" cellspacing=\"0\" cellpadding=\"0\">\n<tbody>\n<tr>\n<td align=\"left\" valign=\"top\">\n<span class=\"h22\">Osteopatia:<\/span><\/p>\n<h4>T\u00e9cnica que assenta na preven\u00e7\u00e3o e na autorregula\u00e7\u00e3o do corpo, atuando essencialmente ao n\u00edvel do sistema neuro-m\u00fasculo-esquel\u00e9tico. <a href=\"https:\/\/clinicarg.pt\/wp\/?page_id=819\" target=\"_parent\" rel=\"noopener\"><strong>Ler [+]<\/strong><\/a><\/h4>\n<\/td>\n<\/tr>\n<tr>\n<td height=\"10\" align=\"left\" valign=\"top\"><img loading=\"lazy\" decoding=\"async\" src=\"https:\/\/clinicarg.pt\/wp\/wp-content\/themes\/Template_RG\/images\/spacer.gif\" alt=\"\" width=\"602\" height=\"10\" \/><\/td>\n<\/tr>\n<\/tbody>\n<\/table>\n<table style=\"width: 602px; text-align: right;\" border=\"0\" cellspacing=\"0\" cellpadding=\"0\">\n<tbody>\n<tr>\n<td align=\"left\" valign=\"top\">\n<span class=\"h22\">Drenagem Linf\u00e1tica:<\/span><\/p>\n<h4>E uma t\u00e9cnica de massagem bastante conhecida para tratamentos est\u00e9ticos, como, por exemplo, para atenuar a celulite. Mas tamb\u00e9m pode ser utilizada em muitos outros problemas de sa\u00fade, como linfedema, m\u00e1 circula\u00e7\u00e3o ou at\u00e9 ser coadjuvante no tratamento de doen\u00e7as como a artrite reumatoide. <a href=\"https:\/\/clinicarg.pt\/wp\/?page_id=823\" target=\"_parent\" rel=\"noopener\"><strong>Ler [+]<\/strong><\/a><\/h4>\n<\/td>\n<\/tr>\n<tr>\n<td height=\"10\" align=\"left\" valign=\"top\"><img loading=\"lazy\" decoding=\"async\" src=\"https:\/\/clinicarg.pt\/wp\/wp-content\/themes\/Template_RG\/images\/spacer.gif\" alt=\"\" width=\"602\" height=\"10\" \/><\/td>\n<\/tr>\n<\/tbody>\n<\/table>\n<table style=\"width: 602px; text-align: right;\" border=\"0\" cellspacing=\"0\" cellpadding=\"0\">\n<tbody>\n<tr>\n<td align=\"left\" valign=\"top\">\n<span class=\"h22\">Eletromiograma:<\/span><\/p>\n<h4>\u00c9 um exame de diagn\u00f3stico que pode ser usado no estudo das causas de origem neurol\u00f3gica de v\u00e1rios sintomas. <a href=\"https:\/\/clinicarg.pt\/wp\/?page_id=825\" target=\"_parent\" rel=\"noopener\"><strong>Ler [+]<\/strong><\/a><\/h4>\n<\/td>\n<\/tr>\n<tr>\n<td height=\"10\" align=\"left\" valign=\"top\"><img loading=\"lazy\" decoding=\"async\" src=\"https:\/\/clinicarg.pt\/wp\/wp-content\/themes\/Template_RG\/images\/spacer.gif\" alt=\"\" width=\"602\" height=\"10\" \/><\/td>\n<\/tr>\n<\/tbody>\n<\/table>\n<\/td>\n<\/tr>\n<\/tbody>\n<\/table>\n","protected":false},"excerpt":{"rendered":"<p>Todos os tratamentos s\u00e3o realizados de acordo com a prescri\u00e7\u00e3o efetuada pelo m\u00e9dico, utilizando para o efeito uma grande diversidade de instrumentos terap\u00eauticos. Os tratamentos mais frequentes incluem: termoterapia (calor h\u00famido, parafina), ultrassons, correntes com efeito analg\u00e9sico ou excitomotor (de baixa ou de m\u00e9dia frequ\u00eancia), correntes de alta frequ\u00eancia como as ondas curtas, eletro-estimula\u00e7\u00e3o transcut\u00e2nea [&hellip;]<\/p>\n","protected":false},"author":1,"featured_media":0,"parent":0,"menu_order":2,"comment_status":"closed","ping_status":"closed","template":"","meta":{"footnotes":""},"_links":{"self":[{"href":"https:\/\/clinicarg.pt\/index.php?rest_route=\/wp\/v2\/pages\/9"}],"collection":[{"href":"https:\/\/clinicarg.pt\/index.php?rest_route=\/wp\/v2\/pages"}],"about":[{"href":"https:\/\/clinicarg.pt\/index.php?rest_route=\/wp\/v2\/types\/page"}],"author":[{"embeddable":true,"href":"https:\/\/clinicarg.pt\/index.php?rest_route=\/wp\/v2\/users\/1"}],"replies":[{"embeddable":true,"href":"https:\/\/clinicarg.pt\/index.php?rest_route=%2Fwp%2Fv2%2Fcomments&post=9"}],"version-history":[{"count":65,"href":"https:\/\/clinicarg.pt\/index.php?rest_route=\/wp\/v2\/pages\/9\/revisions"}],"predecessor-version":[{"id":909,"href":"https:\/\/clinicarg.pt\/index.php?rest_route=\/wp\/v2\/pages\/9\/revisions\/909"}],"wp:attachment":[{"href":"https:\/\/clinicarg.pt\/index.php?rest_route=%2Fwp%2Fv2%2Fmedia&parent=9"}],"curies":[{"name":"wp","href":"https:\/\/api.w.org\/{rel}","templated":true}]}}